{"id":1925,"date":"2023-02-23T14:36:23","date_gmt":"2023-02-23T13:36:23","guid":{"rendered":"https:\/\/callenium.ch\/privatkunden\/vorsorge\/"},"modified":"2024-02-28T01:18:39","modified_gmt":"2024-02-28T00:18:39","slug":"previsione","status":"publish","type":"page","link":"https:\/\/callenium.memacon.com\/it\/clienti-privati\/previsione\/","title":{"rendered":"Previsione"},"content":{"rendered":"[vc_row full_width=&#8221;stretch_row&#8221; content_placement=&#8221;middle&#8221; wpex_bg_overlay=&#8221;custom&#8221; wpex_bg_overlay_color=&#8221;#e8e8e8&#8243;][vc_column][vc_column_text color=&#8221;#767579&#8243; font_size=&#8221;20px&#8221;]\n<h1><span style=\"color: #ec671c;\">Pre<\/span>visione.<\/h1>\n[\/vc_column_text]<nav class=\"vcex-breadcrumbs vcex-breadcrumbs--custom-color\" style=\"color:#ec671c;--wpex-link-color:#767579;--wpex-hover-link-color:#ec671c;--vcex-breadcrumbs-sep-color:#ec671c;--wpex-hover-link-text-decoration:none;\" itemscope itemtype=\"http:\/\/schema.org\/BreadcrumbList\"><span class=\"trail-begin\" itemprop=\"itemListElement\" itemscope itemtype=\"http:\/\/schema.org\/ListItem\"><a itemprop=\"item\" href=\"https:\/\/callenium.memacon.com\/it\/\" rel=\"home\"><span itemprop=\"name\">Home<\/span><\/a><meta itemprop=\"position\" content=\"1\"><\/span><\/nav>[\/vc_column][\/vc_row][vc_row equal_height=&#8221;yes&#8221; css=&#8221;.vc_custom_1676312763637{margin-top: 60px !important;padding-top: 20px !important;padding-bottom: 20px !important;}&#8221;][vc_column width=&#8221;2\/3&#8243;]<div class=\"vcex-module vcex-icon-box vcex-icon-box-one wpex-relative wpex-flex wpex-text-left\"><div class=\"vcex-icon-box-symbol wpex-flex-shrink-0 wpex-mr-20\"><div class=\"vcex-icon-box-icon wpex-inline-flex wpex-items-center wpex-justify-center wpex-child-inherit-color wpex-text-center wpex-leading-none wpex-text-1 wpex-shadow-md wpex-p-15\" style=\"color:#ffffff;border-radius:var(--wpex-radius-blob-1);background:#ec671c;\"><span class=\"ticon ticon-shield\" aria-hidden=\"true\"><\/span><\/div><\/div><div class=\"vcex-icon-box-text wpex-flex-grow\"><h1 class=\"vcex-icon-box-heading wpex-heading wpex-text-md wpex-mb-10\" style=\"color:#767579;font-size:24px;\">Salvaguardare il futuro.<\/h1><div class=\"vcex-icon-box-content wpex-last-mb-0 wpex-clr\" style=\"font-size:16px;\"><p style=\"text-align: justify\">La previsione \u00e8 sempre meglio del senno di poi. Perch\u00e9 a volte le cose vanno diversamente dal previsto. \u00c8 quindi rassicurante sapere che anche in questo caso \u00e8 stata prevista una sicurezza finanziaria.<br \/>\nIl mercato offre molti prodotti: Dal pilastro 3a alle assicurazioni sulla vita e sull&#8217;invalidit\u00e0. Noi vi offriamo un servizio indipendente in base alla vostra fase di vita, ai vostri progetti e sogni futuri, e mettiamo a punto un piano pensionistico personalizzato su cui potrete fare pieno affidamento e godervi la vita.<\/p>\n<\/div><\/div><\/div>[\/vc_column][vc_column width=&#8221;1\/3&#8243; css=&#8221;.vc_custom_1676312749474{margin-left: 20px !important;border-left-width: 1px !important;padding-left: 30px !important;border-left-color: #d6d6d6 !important;border-left-style: solid !important;}&#8221;]<div class=\"vcex-heading vcex-module wpex-text-2xl wpex-font-normal wpex-m-auto wpex-max-w-100 vcex-heading-bottom-border-w-color wpex-block wpex-border-b-2 wpex-border-solid wpex-border-main\" style=\"color:#767579;border-bottom-color:#f2f2f2;\"><span class=\"vcex-heading-inner wpex-inline-block wpex-clr wpex-relative wpex-pb-5 wpex-border-b-2 wpex-border-solid wpex-border-accent\" style=\"border-color:#ec671c;\">Clienti privati<\/span><\/div><div class=\"vcex-spacing wpex-w-100 wpex-clear\" style=\"height:30px;\"><\/div><style>.vcex-navbar.vcex_6a04e5a0715fe .vcex-navbar-link{text-decoration:none;}.vcex-navbar.vcex_6a04e5a0715fe .vcex-navbar-link:hover{text-decoration:none;}.vcex-navbar.vcex_6a04e5a0715fe .vcex-navbar-link:active,.vcex-navbar.vcex_6a04e5a0715fe .vcex-navbar-link.active{text-decoration:none;}.vcex-navbar.vcex_6a04e5a0715fe a.vcex-navbar-link{color:#767579;letter-spacing:1px;}.vcex-navbar.vcex_6a04e5a0715fe a.vcex-navbar-link:hover,.vcex-navbar.vcex_6a04e5a0715fe a.vcex-navbar-link.active{color:#ec671c;}.vcex-navbar.vcex_6a04e5a0715fe{font-size:14px;}<\/style><nav class=\"vcex-navbar vcex-navbar--expanded vcex-module vcex_6a04e5a0715fe\"><div class=\"vcex-navbar-inner wpex-clr\"><a href=\"https:\/\/callenium.memacon.com\/privatkunden\/fahrzeug-und-reise\/\" class=\"vcex-navbar-link vcex-navbar-link--1864 wpex-inline-block wpex-float-left wpex-mb-5 theme-txt-link expanded wpex-text-base\"><span class=\"vcex-navbar-link-text\">Veicoli e viaggi<\/span><\/a><a href=\"https:\/\/callenium.memacon.com\/privatkunden\/rechtsschutz\/\" class=\"vcex-navbar-link vcex-navbar-link--1915 wpex-inline-block wpex-float-left wpex-mb-5 theme-txt-link expanded wpex-text-base\"><span class=\"vcex-navbar-link-text\">Protezione legale<\/span><\/a><a href=\"https:\/\/callenium.memacon.com\/privatkunden\/wohnen\/\" class=\"vcex-navbar-link vcex-navbar-link--1933 wpex-inline-block wpex-float-left wpex-mb-5 theme-txt-link expanded wpex-text-base\"><span class=\"vcex-navbar-link-text\">Abitazione<\/span><\/a><a href=\"https:\/\/callenium.memacon.com\/privatkunden\/vorsorge\/\" class=\"vcex-navbar-link vcex-navbar-link--1925 wpex-inline-block wpex-float-left wpex-mb-5 theme-txt-link expanded wpex-text-base\"><span class=\"vcex-navbar-link-text\">Previsione<\/span><\/a><a href=\"https:\/\/callenium.memacon.com\/privatkunden\/unfall\/\" class=\"vcex-navbar-link vcex-navbar-link--1920 wpex-inline-block wpex-float-left wpex-mb-5 theme-txt-link expanded wpex-text-base\"><span class=\"vcex-navbar-link-text\">Incidente<\/span><\/a><a href=\"https:\/\/callenium.memacon.com\/privatkunden\/krankheit\/\" class=\"vcex-navbar-link vcex-navbar-link--1910 wpex-inline-block wpex-float-left wpex-mb-5 theme-txt-link expanded wpex-text-base\"><span class=\"vcex-navbar-link-text\">Malattie<\/span><\/a><a href=\"https:\/\/callenium.memacon.com\/privatkunden\/finanzen\/\" class=\"vcex-navbar-link vcex-navbar-link--1905 wpex-inline-block wpex-float-left wpex-mb-5 theme-txt-link expanded wpex-text-base\"><span class=\"vcex-navbar-link-text\">Finanziamenti<\/span><\/a><\/div><\/nav>[\/vc_column][\/vc_row][vc_row full_width=&#8221;stretch_row&#8221; wpex_bg_overlay=&#8221;dark&#8221; remove_bottom_col_margin=&#8221;true&#8221; wpex_shape_divider_top=&#8221;tilt&#8221; css=&#8221;.vc_custom_1679912600982{padding-top: 50px !important;padding-bottom: 100px !important;background: #f4f4f4 url(https:\/\/callenium.memacon.com\/wp-content\/uploads\/2023\/02\/callenium-privatkunden-vorsorge-02.webp?id=803) !important;background-position: center !important;background-repeat: no-repeat !important;background-size: cover !important;}&#8221; wpex_shape_divider_top_color=&#8221;#ffffff&#8221; wpex_shape_divider_top_height=&#8221;100&#8243; wpex_bg_overlay_opacity=&#8221;0.6&#8243;][vc_column]<div class=\"vcex-spacing wpex-w-100 wpex-clear\" style=\"height:100px;\"><\/div><div class=\"vcex-module vcex-icon-box vcex-icon-box-two wpex-relative wpex-text-center\"><div class=\"vcex-icon-box-symbol wpex-mb-20\"><img decoding=\"async\" loading=\"lazy\" class=\"vcex-icon-box-image wpex-align-middle\" style=\"width:50px;\" src=\"https:\/\/callenium.memacon.com\/wp-content\/uploads\/2023\/02\/Callenium_bullets_white-50x38.webp\" alt=\"\" srcset=\"https:\/\/callenium.memacon.com\/wp-content\/uploads\/2023\/02\/Callenium_bullets_white-50x38.webp 50w, https:\/\/callenium.memacon.com\/wp-content\/uploads\/2023\/02\/Callenium_bullets_white-50x38@2x.webp 100w, https:\/\/callenium.memacon.com\/wp-content\/uploads\/2023\/02\/Callenium_bullets_white.webp 200w, https:\/\/callenium.memacon.com\/wp-content\/uploads\/2023\/02\/Callenium_bullets_white-50x38@2x.webp 2x\" width=\"50\" height=\"38\"><\/div><div class=\"vcex-icon-box-text\"><h1 class=\"vcex-icon-box-heading wpex-heading wpex-text-md wpex-mb-10\" style=\"color:#ffffff;font-size:24px;margin-bottom:20px;\">Desiderate una consulenza non vincolante sul tema \"previdenza\"?<\/h1><div class=\"vcex-icon-box-content wpex-last-mb-0 wpex-clr\" style=\"color:#ffffff;font-size:16px;\"><p>In qualit\u00e0 di privati, potete ottenere tutto ci\u00f2 che desiderate e di cui avete bisogno in termini di assicurazione da un&#8217;unica fonte esperta. Callenium vi consiglia in modo individuale, trasparente e indipendente e vi offre soluzioni adatte a voi e alla vostra situazione di vita. Dall&#8217;assicurazione sanitaria e di responsabilit\u00e0 civile alla pianificazione finanziaria: lasciatevi consigliare da noi e sappiate che in futuro avrete al vostro fianco un partner che vi offrir\u00e0 un vero e proprio servizio piuttosto che un prodotto.<\/p>\n<\/div><\/div><\/div><div class=\"vcex-spacing wpex-w-100 wpex-clear\"><\/div><div class=\"theme-button-wrap textcenter theme-button-block-wrap wpex-block wpex-clear wpex-clr\"><a href=\"https:\/\/callenium.ch\/it\/kontakt\/\" title=\"Contattateci Callenium\" class=\"vcex-button theme-button align-center block  wpb_animate_when_almost_visible wpb_fadeInDown fadeInDown\" style=\"background:#ec671c;color:#ffffff;font-size:16px;\" data-wpex-hover='{&quot;background&quot;:&quot;#767579&quot;,&quot;color&quot;:&quot;#ffffff&quot;}'><span class=\"theme-button-inner\">Mettetevi in contatto con noi e lasciatevi consigliare senza impegno<span class=\"vcex-icon-wrap theme-button-icon-right\"><span class=\"ticon ticon-chevron-right\" aria-hidden=\"true\"><\/span><\/span><\/span><\/a><\/div> [\/vc_column][\/vc_row]\n","protected":false},"excerpt":{"rendered":"<p>[vc_row full_width=&#8221;stretch_row&#8221; content_placement=&#8221;middle&#8221; wpex_bg_overlay=&#8221;custom&#8221; wpex_bg_overlay_color=&#8221;#e8e8e8&#8243;][vc_column][vc_column_text color=&#8221;#767579&#8243; font_size=&#8221;20px&#8221;] Previsione. [\/vc_column_text][\/vc_column][\/vc_row][vc_row equal_height=&#8221;yes&#8221; css=&#8221;.vc_custom_1676312763637{margin-top: 60px !important;padding-top: 20px !important;padding-bottom: 20px !important;}&#8221;][vc_column width=&#8221;2\/3&#8243;][\/vc_column][vc_column width=&#8221;1\/3&#8243; css=&#8221;.vc_custom_1676312749474{margin-left: 20px !important;border-left-width: 1px !important;padding-left: 30px !important;border-left-color: #d6d6d6 !important;border-left-style: solid !important;}&#8221;][\/vc_column][\/vc_row][vc_row full_width=&#8221;stretch_row&#8221; wpex_bg_overlay=&#8221;dark&#8221; remove_bottom_col_margin=&#8221;true&#8221; wpex_shape_divider_top=&#8221;tilt&#8221; css=&#8221;.vc_custom_1679912600982{padding-top: 50px !important;padding-bottom: 100px !important;background: #f4f4f4 url(https:\/\/callenium.memacon.com\/wp-content\/uploads\/2023\/02\/callenium-privatkunden-vorsorge-02.webp?id=803) !important;background-position: center !important;background-repeat: no-repeat !important;background-size: cover !important;}&#8221; wpex_shape_divider_top_color=&#8221;#ffffff&#8221; wpex_shape_divider_top_height=&#8221;100&#8243; wpex_bg_overlay_opacity=&#8221;0.6&#8243;][vc_column][\/vc_column][\/vc_row]<\/p>\n","protected":false},"author":2,"featured_media":0,"parent":1859,"menu_order":0,"comment_status":"closed","ping_status":"closed","template":"","meta":{"footnotes":""},"class_list":["post-1925","page","type-page","status-publish","hentry","entry","no-media"],"yoast_head":"<!-- This site is optimized with the Yoast SEO plugin v26.2 - https:\/\/yoast.com\/wordpress\/plugins\/seo\/ -->\n<title>Previsione Clienti privti | Callenium<\/title>\n<meta name=\"description\" content=\"Vor(aus)sicht ist immer besser als Nachsicht. Geniessen Sie Ihr Leben mit einer optimalen Vorsorge als Basis. Callenium sorgt genau daf\u00fcr.\" \/>\n<meta name=\"robots\" content=\"noindex, follow, max-snippet:-1, max-image-preview:large, max-video-preview:-1\" \/>\n<meta property=\"og:locale\" content=\"it_IT\" \/>\n<meta property=\"og:type\" content=\"article\" \/>\n<meta property=\"og:title\" content=\"Previsione Clienti privti | Callenium\" \/>\n<meta property=\"og:description\" content=\"Vor(aus)sicht ist immer besser als Nachsicht. Geniessen Sie Ihr Leben mit einer optimalen Vorsorge als Basis. Callenium sorgt genau daf\u00fcr.\" \/>\n<meta property=\"og:url\" content=\"https:\/\/callenium.memacon.com\/it\/clienti-privati\/previsione\/\" \/>\n<meta property=\"og:site_name\" content=\"Callenium\" \/>\n<meta property=\"article:modified_time\" content=\"2024-02-28T00:18:39+00:00\" \/>\n<meta property=\"og:image\" content=\"https:\/\/callenium.memacon.com\/wp-content\/uploads\/2023\/03\/callenium-home-slider-orange-04-farbe.webp\" \/>\n\t<meta property=\"og:image:width\" content=\"1600\" \/>\n\t<meta property=\"og:image:height\" content=\"600\" \/>\n\t<meta property=\"og:image:type\" content=\"image\/webp\" \/>\n<meta name=\"twitter:card\" content=\"summary_large_image\" \/>\n<meta name=\"twitter:label1\" content=\"Tempo di lettura stimato\" \/>\n\t<meta name=\"twitter:data1\" content=\"2 minuti\" \/>\n<script type=\"application\/ld+json\" class=\"yoast-schema-graph\">{\"@context\":\"https:\/\/schema.org\",\"@graph\":[{\"@type\":\"WebPage\",\"@id\":\"https:\/\/callenium.memacon.com\/it\/clienti-privati\/previsione\/\",\"url\":\"https:\/\/callenium.memacon.com\/it\/clienti-privati\/previsione\/\",\"name\":\"Previsione Clienti privti | Callenium\",\"isPartOf\":{\"@id\":\"https:\/\/callenium.memacon.com\/it\/#website\"},\"datePublished\":\"2023-02-23T13:36:23+00:00\",\"dateModified\":\"2024-02-28T00:18:39+00:00\",\"description\":\"Vor(aus)sicht ist immer besser als Nachsicht. Geniessen Sie Ihr Leben mit einer optimalen Vorsorge als Basis. Callenium sorgt genau daf\u00fcr.\",\"breadcrumb\":{\"@id\":\"https:\/\/callenium.memacon.com\/it\/clienti-privati\/previsione\/#breadcrumb\"},\"inLanguage\":\"it-IT\",\"potentialAction\":[{\"@type\":\"ReadAction\",\"target\":[\"https:\/\/callenium.memacon.com\/it\/clienti-privati\/previsione\/\"]}]},{\"@type\":\"BreadcrumbList\",\"@id\":\"https:\/\/callenium.memacon.com\/it\/clienti-privati\/previsione\/#breadcrumb\",\"itemListElement\":[{\"@type\":\"ListItem\",\"position\":1,\"name\":\"Home\",\"item\":\"https:\/\/callenium.memacon.com\/it\/\"},{\"@type\":\"ListItem\",\"position\":2,\"name\":\"Clienti privati\",\"item\":\"https:\/\/callenium.memacon.com\/it\/clienti-privati\/\"},{\"@type\":\"ListItem\",\"position\":3,\"name\":\"Previsione\"}]},{\"@type\":\"WebSite\",\"@id\":\"https:\/\/callenium.memacon.com\/it\/#website\",\"url\":\"https:\/\/callenium.memacon.com\/it\/\",\"name\":\"Callenium\",\"description\":\"Ihr neutraler Versicherungsberater\",\"publisher\":{\"@id\":\"https:\/\/callenium.memacon.com\/it\/#organization\"},\"potentialAction\":[{\"@type\":\"SearchAction\",\"target\":{\"@type\":\"EntryPoint\",\"urlTemplate\":\"https:\/\/callenium.memacon.com\/it\/?s={search_term_string}\"},\"query-input\":{\"@type\":\"PropertyValueSpecification\",\"valueRequired\":true,\"valueName\":\"search_term_string\"}}],\"inLanguage\":\"it-IT\"},{\"@type\":\"Organization\",\"@id\":\"https:\/\/callenium.memacon.com\/it\/#organization\",\"name\":\"Callenium GmbH\",\"url\":\"https:\/\/callenium.memacon.com\/it\/\",\"logo\":{\"@type\":\"ImageObject\",\"inLanguage\":\"it-IT\",\"@id\":\"https:\/\/callenium.memacon.com\/it\/#\/schema\/logo\/image\/\",\"url\":\"https:\/\/callenium.memacon.com\/wp-content\/uploads\/2023\/01\/Callenium-Favicon-152.png\",\"contentUrl\":\"https:\/\/callenium.memacon.com\/wp-content\/uploads\/2023\/01\/Callenium-Favicon-152.png\",\"width\":152,\"height\":152,\"caption\":\"Callenium GmbH\"},\"image\":{\"@id\":\"https:\/\/callenium.memacon.com\/it\/#\/schema\/logo\/image\/\"}}]}<\/script>\n<!-- \/ Yoast SEO plugin. -->","yoast_head_json":{"title":"Previsione Clienti privti | Callenium","description":"Vor(aus)sicht ist immer besser als Nachsicht. Geniessen Sie Ihr Leben mit einer optimalen Vorsorge als Basis. Callenium sorgt genau daf\u00fcr.","robots":{"index":"noindex","follow":"follow","max-snippet":"max-snippet:-1","max-image-preview":"max-image-preview:large","max-video-preview":"max-video-preview:-1"},"og_locale":"it_IT","og_type":"article","og_title":"Previsione Clienti privti | Callenium","og_description":"Vor(aus)sicht ist immer besser als Nachsicht. Geniessen Sie Ihr Leben mit einer optimalen Vorsorge als Basis. Callenium sorgt genau daf\u00fcr.","og_url":"https:\/\/callenium.memacon.com\/it\/clienti-privati\/previsione\/","og_site_name":"Callenium","article_modified_time":"2024-02-28T00:18:39+00:00","og_image":[{"width":1600,"height":600,"url":"https:\/\/callenium.memacon.com\/wp-content\/uploads\/2023\/03\/callenium-home-slider-orange-04-farbe.webp","type":"image\/webp"}],"twitter_card":"summary_large_image","twitter_misc":{"Tempo di lettura stimato":"2 minuti"},"schema":{"@context":"https:\/\/schema.org","@graph":[{"@type":"WebPage","@id":"https:\/\/callenium.memacon.com\/it\/clienti-privati\/previsione\/","url":"https:\/\/callenium.memacon.com\/it\/clienti-privati\/previsione\/","name":"Previsione Clienti privti | Callenium","isPartOf":{"@id":"https:\/\/callenium.memacon.com\/it\/#website"},"datePublished":"2023-02-23T13:36:23+00:00","dateModified":"2024-02-28T00:18:39+00:00","description":"Vor(aus)sicht ist immer besser als Nachsicht. Geniessen Sie Ihr Leben mit einer optimalen Vorsorge als Basis. Callenium sorgt genau daf\u00fcr.","breadcrumb":{"@id":"https:\/\/callenium.memacon.com\/it\/clienti-privati\/previsione\/#breadcrumb"},"inLanguage":"it-IT","potentialAction":[{"@type":"ReadAction","target":["https:\/\/callenium.memacon.com\/it\/clienti-privati\/previsione\/"]}]},{"@type":"BreadcrumbList","@id":"https:\/\/callenium.memacon.com\/it\/clienti-privati\/previsione\/#breadcrumb","itemListElement":[{"@type":"ListItem","position":1,"name":"Home","item":"https:\/\/callenium.memacon.com\/it\/"},{"@type":"ListItem","position":2,"name":"Clienti privati","item":"https:\/\/callenium.memacon.com\/it\/clienti-privati\/"},{"@type":"ListItem","position":3,"name":"Previsione"}]},{"@type":"WebSite","@id":"https:\/\/callenium.memacon.com\/it\/#website","url":"https:\/\/callenium.memacon.com\/it\/","name":"Callenium","description":"Ihr neutraler Versicherungsberater","publisher":{"@id":"https:\/\/callenium.memacon.com\/it\/#organization"},"potentialAction":[{"@type":"SearchAction","target":{"@type":"EntryPoint","urlTemplate":"https:\/\/callenium.memacon.com\/it\/?s={search_term_string}"},"query-input":{"@type":"PropertyValueSpecification","valueRequired":true,"valueName":"search_term_string"}}],"inLanguage":"it-IT"},{"@type":"Organization","@id":"https:\/\/callenium.memacon.com\/it\/#organization","name":"Callenium GmbH","url":"https:\/\/callenium.memacon.com\/it\/","logo":{"@type":"ImageObject","inLanguage":"it-IT","@id":"https:\/\/callenium.memacon.com\/it\/#\/schema\/logo\/image\/","url":"https:\/\/callenium.memacon.com\/wp-content\/uploads\/2023\/01\/Callenium-Favicon-152.png","contentUrl":"https:\/\/callenium.memacon.com\/wp-content\/uploads\/2023\/01\/Callenium-Favicon-152.png","width":152,"height":152,"caption":"Callenium GmbH"},"image":{"@id":"https:\/\/callenium.memacon.com\/it\/#\/schema\/logo\/image\/"}}]}},"_links":{"self":[{"href":"https:\/\/callenium.memacon.com\/it\/wp-json\/wp\/v2\/pages\/1925","targetHints":{"allow":["GET"]}}],"collection":[{"href":"https:\/\/callenium.memacon.com\/it\/wp-json\/wp\/v2\/pages"}],"about":[{"href":"https:\/\/callenium.memacon.com\/it\/wp-json\/wp\/v2\/types\/page"}],"author":[{"embeddable":true,"href":"https:\/\/callenium.memacon.com\/it\/wp-json\/wp\/v2\/users\/2"}],"replies":[{"embeddable":true,"href":"https:\/\/callenium.memacon.com\/it\/wp-json\/wp\/v2\/comments?post=1925"}],"version-history":[{"count":2,"href":"https:\/\/callenium.memacon.com\/it\/wp-json\/wp\/v2\/pages\/1925\/revisions"}],"predecessor-version":[{"id":2090,"href":"https:\/\/callenium.memacon.com\/it\/wp-json\/wp\/v2\/pages\/1925\/revisions\/2090"}],"up":[{"embeddable":true,"href":"https:\/\/callenium.memacon.com\/it\/wp-json\/wp\/v2\/pages\/1859"}],"wp:attachment":[{"href":"https:\/\/callenium.memacon.com\/it\/wp-json\/wp\/v2\/media?parent=1925"}],"curies":[{"name":"wp","href":"https:\/\/api.w.org\/{rel}","templated":true}]}}