{"id":1932,"date":"2023-02-23T13:54:00","date_gmt":"2023-02-23T12:54:00","guid":{"rendered":"https:\/\/callenium.ch\/privatkunden\/wohnen\/"},"modified":"2024-03-03T11:09:44","modified_gmt":"2024-03-03T10:09:44","slug":"habitat","status":"publish","type":"page","link":"https:\/\/callenium.memacon.com\/fr\/clients-prives\/habitat\/","title":{"rendered":"Habitat"},"content":{"rendered":"[vc_row full_width=\u00a0\u00bbstretch_row\u00a0\u00bb content_placement=\u00a0\u00bbmiddle\u00a0\u00bb wpex_bg_overlay=\u00a0\u00bbcustom\u00a0\u00bb wpex_bg_overlay_color=\u00a0\u00bb#e8e8e8&Prime;][vc_column][vc_column_text color=\u00a0\u00bb#767579&Prime; font_size=\u00a0\u00bb20px\u00a0\u00bb]\n<h1><span style=\"color: #ec671c;\">Habi<\/span>tat.<\/h1>\n[\/vc_column_text]<nav class=\"vcex-breadcrumbs vcex-breadcrumbs--custom-color\" style=\"color:#ec671c;--wpex-link-color:#767579;--wpex-hover-link-color:#ec671c;--vcex-breadcrumbs-sep-color:#ec671c;--wpex-hover-link-text-decoration:none;\" itemscope itemtype=\"http:\/\/schema.org\/BreadcrumbList\"><span class=\"trail-begin\" itemprop=\"itemListElement\" itemscope itemtype=\"http:\/\/schema.org\/ListItem\"><a itemprop=\"item\" href=\"https:\/\/callenium.memacon.com\/fr\/\" rel=\"home\"><span itemprop=\"name\">Home<\/span><\/a><meta itemprop=\"position\" content=\"1\"><\/span><\/nav>[\/vc_column][\/vc_row][vc_row equal_height=\u00a0\u00bbyes\u00a0\u00bb css=\u00a0\u00bb.vc_custom_1676312763637{margin-top: 60px !important;padding-top: 20px !important;padding-bottom: 20px !important;}\u00a0\u00bb][vc_column width=\u00a0\u00bb2\/3&Prime;]<div class=\"vcex-module vcex-icon-box vcex-icon-box-one wpex-relative wpex-flex wpex-text-left\"><div class=\"vcex-icon-box-symbol wpex-flex-shrink-0 wpex-mr-20\"><div class=\"vcex-icon-box-icon wpex-inline-flex wpex-items-center wpex-justify-center wpex-child-inherit-color wpex-text-center wpex-leading-none wpex-text-1 wpex-shadow-md wpex-p-15\" style=\"color:#ffffff;border-radius:var(--wpex-radius-blob-1);background:#ec671c;\"><span aria-hidden=\"true\" class=\"fas fa-couch\"><\/span><\/div><\/div><div class=\"vcex-icon-box-text wpex-flex-grow\"><h1 class=\"vcex-icon-box-heading wpex-heading wpex-text-md wpex-mb-10\" style=\"color:#767579;font-size:24px;\">Remplacer ce qui compte \u00e0 vos yeux<\/h1><div class=\"vcex-icon-box-content wpex-last-mb-0 wpex-clr\" style=\"font-size:16px;\"><p style=\"text-align: justify\">On n&rsquo;est jamais aussi bien que chez soi. Que l&rsquo;on soit propri\u00e9taire ou locataire, notre habitat constitue le lieu o\u00f9 nous rangeons et d\u00e9posons beaucoup de choses. Et c&rsquo;est pr\u00e9cis\u00e9ment pour cette raison que l&rsquo;on souhaite que tous ces biens soient correctement prot\u00e9g\u00e9s.<br \/>\nNos conseillers certifi\u00e9s vous indiquent quelles assurances sont utiles et conseill\u00e9es dans votre cas, par exemple en ce qui concerne l&rsquo;inventaire du m\u00e9nage, les objets de valeur, les animaux et les b\u00e2timents. En effet, si un sinistre survient, on aimerait ne pas avoir \u00e0 se casser la t\u00eate pour financer le dommage et le remplacer.<\/p>\n<\/div><\/div><\/div>[\/vc_column][vc_column width=\u00a0\u00bb1\/3&Prime; css=\u00a0\u00bb.vc_custom_1676312749474{margin-left: 20px !important;border-left-width: 1px !important;padding-left: 30px !important;border-left-color: #d6d6d6 !important;border-left-style: solid !important;}\u00a0\u00bb]<div class=\"vcex-heading vcex-module wpex-text-2xl wpex-font-normal wpex-m-auto wpex-max-w-100 vcex-heading-bottom-border-w-color wpex-block wpex-border-b-2 wpex-border-solid wpex-border-main\" style=\"color:#767579;border-bottom-color:#f2f2f2;\"><span class=\"vcex-heading-inner wpex-inline-block wpex-clr wpex-relative wpex-pb-5 wpex-border-b-2 wpex-border-solid wpex-border-accent\" style=\"border-color:#ec671c;\">Clients priv\u00e9s<\/span><\/div><div class=\"vcex-spacing wpex-w-100 wpex-clear\" style=\"height:30px;\"><\/div><style>.vcex-navbar.vcex_6a04e523dc868 .vcex-navbar-link{text-decoration:none;}.vcex-navbar.vcex_6a04e523dc868 .vcex-navbar-link:hover{text-decoration:none;}.vcex-navbar.vcex_6a04e523dc868 .vcex-navbar-link:active,.vcex-navbar.vcex_6a04e523dc868 .vcex-navbar-link.active{text-decoration:none;}.vcex-navbar.vcex_6a04e523dc868 a.vcex-navbar-link{color:#767579;letter-spacing:1px;}.vcex-navbar.vcex_6a04e523dc868 a.vcex-navbar-link:hover,.vcex-navbar.vcex_6a04e523dc868 a.vcex-navbar-link.active{color:#ec671c;}.vcex-navbar.vcex_6a04e523dc868{font-size:14px;}<\/style><nav class=\"vcex-navbar vcex-navbar--expanded vcex-module vcex_6a04e523dc868\"><div class=\"vcex-navbar-inner wpex-clr\"><a href=\"https:\/\/callenium.memacon.com\/privatkunden\/fahrzeug-und-reise\/\" class=\"vcex-navbar-link vcex-navbar-link--1863 wpex-inline-block wpex-float-left wpex-mb-5 theme-txt-link expanded wpex-text-base\"><span class=\"vcex-navbar-link-text\">V\u00e9hicule et voyage<\/span><\/a><a href=\"https:\/\/callenium.memacon.com\/privatkunden\/rechtsschutz\/\" class=\"vcex-navbar-link vcex-navbar-link--1914 wpex-inline-block wpex-float-left wpex-mb-5 theme-txt-link expanded wpex-text-base\"><span class=\"vcex-navbar-link-text\">Protection juridique<\/span><\/a><a href=\"https:\/\/callenium.memacon.com\/privatkunden\/wohnen\/\" class=\"vcex-navbar-link vcex-navbar-link--1932 wpex-inline-block wpex-float-left wpex-mb-5 theme-txt-link expanded wpex-text-base\"><span class=\"vcex-navbar-link-text\">Habitat<\/span><\/a><a href=\"https:\/\/callenium.memacon.com\/privatkunden\/vorsorge\/\" class=\"vcex-navbar-link vcex-navbar-link--1924 wpex-inline-block wpex-float-left wpex-mb-5 theme-txt-link expanded wpex-text-base\"><span class=\"vcex-navbar-link-text\">Pr\u00e9voyance<\/span><\/a><a href=\"https:\/\/callenium.memacon.com\/privatkunden\/unfall\/\" class=\"vcex-navbar-link vcex-navbar-link--1919 wpex-inline-block wpex-float-left wpex-mb-5 theme-txt-link expanded wpex-text-base\"><span class=\"vcex-navbar-link-text\">Accident<\/span><\/a><a href=\"https:\/\/callenium.memacon.com\/privatkunden\/krankheit\/\" class=\"vcex-navbar-link vcex-navbar-link--1909 wpex-inline-block wpex-float-left wpex-mb-5 theme-txt-link expanded wpex-text-base\"><span class=\"vcex-navbar-link-text\">Maladie<\/span><\/a><a href=\"https:\/\/callenium.memacon.com\/privatkunden\/finanzen\/\" class=\"vcex-navbar-link vcex-navbar-link--1904 wpex-inline-block wpex-float-left wpex-mb-5 theme-txt-link expanded wpex-text-base\"><span class=\"vcex-navbar-link-text\">Finance<\/span><\/a><\/div><\/nav>[\/vc_column][\/vc_row][vc_row full_width=\u00a0\u00bbstretch_row\u00a0\u00bb wpex_bg_overlay=\u00a0\u00bbdark\u00a0\u00bb remove_bottom_col_margin=\u00a0\u00bbtrue\u00a0\u00bb wpex_shape_divider_top=\u00a0\u00bbtilt\u00a0\u00bb css=\u00a0\u00bb.vc_custom_1679912553447{padding-top: 50px !important;padding-bottom: 100px !important;background: #f4f4f4 url(https:\/\/callenium.memacon.com\/wp-content\/uploads\/2023\/02\/callenium-privatkunden-wohnen.webp?id=795) !important;background-position: center !important;background-repeat: no-repeat !important;background-size: cover !important;}\u00a0\u00bb wpex_shape_divider_top_color=\u00a0\u00bb#ffffff\u00a0\u00bb wpex_shape_divider_top_height=\u00a0\u00bb100&Prime; wpex_bg_overlay_opacity=\u00a0\u00bb0.6&Prime;][vc_column]<div class=\"vcex-spacing wpex-w-100 wpex-clear\" style=\"height:100px;\"><\/div><div class=\"vcex-module vcex-icon-box vcex-icon-box-two wpex-relative wpex-text-center\"><div class=\"vcex-icon-box-symbol wpex-mb-20\"><img decoding=\"async\" loading=\"lazy\" class=\"vcex-icon-box-image wpex-align-middle\" style=\"width:50px;\" src=\"https:\/\/callenium.memacon.com\/wp-content\/uploads\/2023\/02\/Callenium_bullets_white-50x38.webp\" alt=\"\" srcset=\"https:\/\/callenium.memacon.com\/wp-content\/uploads\/2023\/02\/Callenium_bullets_white-50x38.webp 50w, https:\/\/callenium.memacon.com\/wp-content\/uploads\/2023\/02\/Callenium_bullets_white-50x38@2x.webp 100w, https:\/\/callenium.memacon.com\/wp-content\/uploads\/2023\/02\/Callenium_bullets_white.webp 200w, https:\/\/callenium.memacon.com\/wp-content\/uploads\/2023\/02\/Callenium_bullets_white-50x38@2x.webp 2x\" width=\"50\" height=\"38\"><\/div><div class=\"vcex-icon-box-text\"><h1 class=\"vcex-icon-box-heading wpex-heading wpex-text-md wpex-mb-10\" style=\"color:#ffffff;font-size:24px;margin-bottom:20px;\">Vous souhaitez profiter d\u2019un conseil sans engagement en mati\u00e8re de \u00ab m\u00e9nage et d\u2019habitat \u00bb ?<\/h1><div class=\"vcex-icon-box-content wpex-last-mb-0 wpex-clr\" style=\"color:#ffffff;font-size:16px;\"><p>Obtenez tout ce dont un client particulier a besoin et souhaite en mati\u00e8re d&rsquo;assurance aupr\u00e8s d&rsquo;un partenaire fiable et exp\u00e9riment\u00e9. Callenium vous offre des conseils personnalis\u00e9s, transparents et ind\u00e9pendants et vous propose des solutions adapt\u00e9es \u00e0 votre situation et \u00e0 votre style de vie. De l&rsquo;assurance maladie \u00e0 la planification financi\u00e8re en passant par la responsabilit\u00e9 civile priv\u00e9e, laissez-vous conseiller et sachez qu&rsquo;\u00e0 l&rsquo;avenir, vous pourrez compter sur un partenaire qui ne se contente pas que de vous proposer des produits, mais d\u2019offrir un v\u00e9ritable service.<\/p>\n<\/div><\/div><\/div><div class=\"vcex-spacing wpex-w-100 wpex-clear\"><\/div><div class=\"theme-button-wrap textcenter theme-button-block-wrap wpex-block wpex-clear wpex-clr\"><a href=\"https:\/\/callenium.ch\/fr\/contact\/\" title=\"contact Callenium\" class=\"vcex-button theme-button align-center block  wpb_animate_when_almost_visible wpb_fadeInDown fadeInDown\" style=\"background:#ec671c;color:#ffffff;font-size:16px;\" data-wpex-hover='{&quot;background&quot;:&quot;#767579&quot;,&quot;color&quot;:&quot;#ffffff&quot;}'><span class=\"theme-button-inner\">Prenez contact et faites-vous conseiller sans engagement.<span class=\"vcex-icon-wrap theme-button-icon-right\"><span class=\"ticon ticon-chevron-right\" aria-hidden=\"true\"><\/span><\/span><\/span><\/a><\/div> [\/vc_column][\/vc_row]\n","protected":false},"excerpt":{"rendered":"<p>[vc_row full_width=\u00a0\u00bbstretch_row\u00a0\u00bb content_placement=\u00a0\u00bbmiddle\u00a0\u00bb wpex_bg_overlay=\u00a0\u00bbcustom\u00a0\u00bb wpex_bg_overlay_color=\u00a0\u00bb#e8e8e8&Prime;][vc_column][vc_column_text color=\u00a0\u00bb#767579&Prime; font_size=\u00a0\u00bb20px\u00a0\u00bb] Habitat. [\/vc_column_text][\/vc_column][\/vc_row][vc_row equal_height=\u00a0\u00bbyes\u00a0\u00bb css=\u00a0\u00bb.vc_custom_1676312763637{margin-top: 60px !important;padding-top: 20px !important;padding-bottom: 20px !important;}\u00a0\u00bb][vc_column width=\u00a0\u00bb2\/3&Prime;][\/vc_column][vc_column width=\u00a0\u00bb1\/3&Prime; css=\u00a0\u00bb.vc_custom_1676312749474{margin-left: 20px !important;border-left-width: 1px !important;padding-left: 30px !important;border-left-color: #d6d6d6 !important;border-left-style: solid !important;}\u00a0\u00bb][\/vc_column][\/vc_row][vc_row full_width=\u00a0\u00bbstretch_row\u00a0\u00bb wpex_bg_overlay=\u00a0\u00bbdark\u00a0\u00bb remove_bottom_col_margin=\u00a0\u00bbtrue\u00a0\u00bb wpex_shape_divider_top=\u00a0\u00bbtilt\u00a0\u00bb css=\u00a0\u00bb.vc_custom_1679912553447{padding-top: 50px !important;padding-bottom: 100px !important;background: #f4f4f4 url(https:\/\/callenium.memacon.com\/wp-content\/uploads\/2023\/02\/callenium-privatkunden-wohnen.webp?id=795) !important;background-position: center !important;background-repeat: no-repeat !important;background-size: cover !important;}\u00a0\u00bb wpex_shape_divider_top_color=\u00a0\u00bb#ffffff\u00a0\u00bb wpex_shape_divider_top_height=\u00a0\u00bb100&Prime; wpex_bg_overlay_opacity=\u00a0\u00bb0.6&Prime;][vc_column][\/vc_column][\/vc_row]<\/p>\n","protected":false},"author":2,"featured_media":0,"parent":1858,"menu_order":0,"comment_status":"closed","ping_status":"closed","template":"","meta":{"footnotes":""},"class_list":["post-1932","page","type-page","status-publish","hentry","entry","no-media"],"yoast_head":"<!-- This site is optimized with the Yoast SEO plugin v26.2 - https:\/\/yoast.com\/wordpress\/plugins\/seo\/ -->\n<title>Habitat Clients priv\u00e9s | Callenium<\/title>\n<meta name=\"description\" content=\"Wissen Sie Ihr Hab und Gut bestens versichert und geniessen Sie Ihr Leben . Wir von Callenium sorgen genau daf\u00fcr.\" \/>\n<meta name=\"robots\" content=\"noindex, follow, max-snippet:-1, max-image-preview:large, max-video-preview:-1\" \/>\n<meta property=\"og:locale\" content=\"fr_FR\" \/>\n<meta property=\"og:type\" content=\"article\" \/>\n<meta property=\"og:title\" content=\"Habitat Clients priv\u00e9s | Callenium\" \/>\n<meta property=\"og:description\" content=\"Wissen Sie Ihr Hab und Gut bestens versichert und geniessen Sie Ihr Leben . Wir von Callenium sorgen genau daf\u00fcr.\" \/>\n<meta property=\"og:url\" content=\"https:\/\/callenium.memacon.com\/fr\/clients-prives\/habitat\/\" \/>\n<meta property=\"og:site_name\" content=\"Callenium\" \/>\n<meta property=\"article:modified_time\" content=\"2024-03-03T10:09:44+00:00\" \/>\n<meta property=\"og:image\" content=\"https:\/\/callenium.memacon.com\/wp-content\/uploads\/2023\/03\/callenium-home-slider-orange-04-farbe.webp\" \/>\n\t<meta property=\"og:image:width\" content=\"1600\" \/>\n\t<meta property=\"og:image:height\" content=\"600\" \/>\n\t<meta property=\"og:image:type\" content=\"image\/webp\" \/>\n<meta name=\"twitter:card\" content=\"summary_large_image\" \/>\n<meta name=\"twitter:label1\" content=\"Dur\u00e9e de lecture estim\u00e9e\" \/>\n\t<meta name=\"twitter:data1\" content=\"3 minutes\" \/>\n<script type=\"application\/ld+json\" class=\"yoast-schema-graph\">{\"@context\":\"https:\/\/schema.org\",\"@graph\":[{\"@type\":\"WebPage\",\"@id\":\"https:\/\/callenium.memacon.com\/fr\/clients-prives\/habitat\/\",\"url\":\"https:\/\/callenium.memacon.com\/fr\/clients-prives\/habitat\/\",\"name\":\"Habitat Clients priv\u00e9s | Callenium\",\"isPartOf\":{\"@id\":\"https:\/\/callenium.memacon.com\/fr\/#website\"},\"datePublished\":\"2023-02-23T12:54:00+00:00\",\"dateModified\":\"2024-03-03T10:09:44+00:00\",\"description\":\"Wissen Sie Ihr Hab und Gut bestens versichert und geniessen Sie Ihr Leben . Wir von Callenium sorgen genau daf\u00fcr.\",\"breadcrumb\":{\"@id\":\"https:\/\/callenium.memacon.com\/fr\/clients-prives\/habitat\/#breadcrumb\"},\"inLanguage\":\"fr-FR\",\"potentialAction\":[{\"@type\":\"ReadAction\",\"target\":[\"https:\/\/callenium.memacon.com\/fr\/clients-prives\/habitat\/\"]}]},{\"@type\":\"BreadcrumbList\",\"@id\":\"https:\/\/callenium.memacon.com\/fr\/clients-prives\/habitat\/#breadcrumb\",\"itemListElement\":[{\"@type\":\"ListItem\",\"position\":1,\"name\":\"Home\",\"item\":\"https:\/\/callenium.memacon.com\/fr\/\"},{\"@type\":\"ListItem\",\"position\":2,\"name\":\"Clients priv\u00e9s\",\"item\":\"https:\/\/callenium.memacon.com\/fr\/clients-prives\/\"},{\"@type\":\"ListItem\",\"position\":3,\"name\":\"Habitat\"}]},{\"@type\":\"WebSite\",\"@id\":\"https:\/\/callenium.memacon.com\/fr\/#website\",\"url\":\"https:\/\/callenium.memacon.com\/fr\/\",\"name\":\"Callenium\",\"description\":\"Ihr neutraler Versicherungsberater\",\"publisher\":{\"@id\":\"https:\/\/callenium.memacon.com\/fr\/#organization\"},\"potentialAction\":[{\"@type\":\"SearchAction\",\"target\":{\"@type\":\"EntryPoint\",\"urlTemplate\":\"https:\/\/callenium.memacon.com\/fr\/?s={search_term_string}\"},\"query-input\":{\"@type\":\"PropertyValueSpecification\",\"valueRequired\":true,\"valueName\":\"search_term_string\"}}],\"inLanguage\":\"fr-FR\"},{\"@type\":\"Organization\",\"@id\":\"https:\/\/callenium.memacon.com\/fr\/#organization\",\"name\":\"Callenium GmbH\",\"url\":\"https:\/\/callenium.memacon.com\/fr\/\",\"logo\":{\"@type\":\"ImageObject\",\"inLanguage\":\"fr-FR\",\"@id\":\"https:\/\/callenium.memacon.com\/fr\/#\/schema\/logo\/image\/\",\"url\":\"https:\/\/callenium.memacon.com\/wp-content\/uploads\/2023\/01\/Callenium-Favicon-152.png\",\"contentUrl\":\"https:\/\/callenium.memacon.com\/wp-content\/uploads\/2023\/01\/Callenium-Favicon-152.png\",\"width\":152,\"height\":152,\"caption\":\"Callenium GmbH\"},\"image\":{\"@id\":\"https:\/\/callenium.memacon.com\/fr\/#\/schema\/logo\/image\/\"}}]}<\/script>\n<!-- \/ Yoast SEO plugin. -->","yoast_head_json":{"title":"Habitat Clients priv\u00e9s | Callenium","description":"Wissen Sie Ihr Hab und Gut bestens versichert und geniessen Sie Ihr Leben . Wir von Callenium sorgen genau daf\u00fcr.","robots":{"index":"noindex","follow":"follow","max-snippet":"max-snippet:-1","max-image-preview":"max-image-preview:large","max-video-preview":"max-video-preview:-1"},"og_locale":"fr_FR","og_type":"article","og_title":"Habitat Clients priv\u00e9s | Callenium","og_description":"Wissen Sie Ihr Hab und Gut bestens versichert und geniessen Sie Ihr Leben . Wir von Callenium sorgen genau daf\u00fcr.","og_url":"https:\/\/callenium.memacon.com\/fr\/clients-prives\/habitat\/","og_site_name":"Callenium","article_modified_time":"2024-03-03T10:09:44+00:00","og_image":[{"width":1600,"height":600,"url":"https:\/\/callenium.memacon.com\/wp-content\/uploads\/2023\/03\/callenium-home-slider-orange-04-farbe.webp","type":"image\/webp"}],"twitter_card":"summary_large_image","twitter_misc":{"Dur\u00e9e de lecture estim\u00e9e":"3 minutes"},"schema":{"@context":"https:\/\/schema.org","@graph":[{"@type":"WebPage","@id":"https:\/\/callenium.memacon.com\/fr\/clients-prives\/habitat\/","url":"https:\/\/callenium.memacon.com\/fr\/clients-prives\/habitat\/","name":"Habitat Clients priv\u00e9s | Callenium","isPartOf":{"@id":"https:\/\/callenium.memacon.com\/fr\/#website"},"datePublished":"2023-02-23T12:54:00+00:00","dateModified":"2024-03-03T10:09:44+00:00","description":"Wissen Sie Ihr Hab und Gut bestens versichert und geniessen Sie Ihr Leben . Wir von Callenium sorgen genau daf\u00fcr.","breadcrumb":{"@id":"https:\/\/callenium.memacon.com\/fr\/clients-prives\/habitat\/#breadcrumb"},"inLanguage":"fr-FR","potentialAction":[{"@type":"ReadAction","target":["https:\/\/callenium.memacon.com\/fr\/clients-prives\/habitat\/"]}]},{"@type":"BreadcrumbList","@id":"https:\/\/callenium.memacon.com\/fr\/clients-prives\/habitat\/#breadcrumb","itemListElement":[{"@type":"ListItem","position":1,"name":"Home","item":"https:\/\/callenium.memacon.com\/fr\/"},{"@type":"ListItem","position":2,"name":"Clients priv\u00e9s","item":"https:\/\/callenium.memacon.com\/fr\/clients-prives\/"},{"@type":"ListItem","position":3,"name":"Habitat"}]},{"@type":"WebSite","@id":"https:\/\/callenium.memacon.com\/fr\/#website","url":"https:\/\/callenium.memacon.com\/fr\/","name":"Callenium","description":"Ihr neutraler Versicherungsberater","publisher":{"@id":"https:\/\/callenium.memacon.com\/fr\/#organization"},"potentialAction":[{"@type":"SearchAction","target":{"@type":"EntryPoint","urlTemplate":"https:\/\/callenium.memacon.com\/fr\/?s={search_term_string}"},"query-input":{"@type":"PropertyValueSpecification","valueRequired":true,"valueName":"search_term_string"}}],"inLanguage":"fr-FR"},{"@type":"Organization","@id":"https:\/\/callenium.memacon.com\/fr\/#organization","name":"Callenium GmbH","url":"https:\/\/callenium.memacon.com\/fr\/","logo":{"@type":"ImageObject","inLanguage":"fr-FR","@id":"https:\/\/callenium.memacon.com\/fr\/#\/schema\/logo\/image\/","url":"https:\/\/callenium.memacon.com\/wp-content\/uploads\/2023\/01\/Callenium-Favicon-152.png","contentUrl":"https:\/\/callenium.memacon.com\/wp-content\/uploads\/2023\/01\/Callenium-Favicon-152.png","width":152,"height":152,"caption":"Callenium GmbH"},"image":{"@id":"https:\/\/callenium.memacon.com\/fr\/#\/schema\/logo\/image\/"}}]}},"_links":{"self":[{"href":"https:\/\/callenium.memacon.com\/fr\/wp-json\/wp\/v2\/pages\/1932","targetHints":{"allow":["GET"]}}],"collection":[{"href":"https:\/\/callenium.memacon.com\/fr\/wp-json\/wp\/v2\/pages"}],"about":[{"href":"https:\/\/callenium.memacon.com\/fr\/wp-json\/wp\/v2\/types\/page"}],"author":[{"embeddable":true,"href":"https:\/\/callenium.memacon.com\/fr\/wp-json\/wp\/v2\/users\/2"}],"replies":[{"embeddable":true,"href":"https:\/\/callenium.memacon.com\/fr\/wp-json\/wp\/v2\/comments?post=1932"}],"version-history":[{"count":2,"href":"https:\/\/callenium.memacon.com\/fr\/wp-json\/wp\/v2\/pages\/1932\/revisions"}],"predecessor-version":[{"id":2267,"href":"https:\/\/callenium.memacon.com\/fr\/wp-json\/wp\/v2\/pages\/1932\/revisions\/2267"}],"up":[{"embeddable":true,"href":"https:\/\/callenium.memacon.com\/fr\/wp-json\/wp\/v2\/pages\/1858"}],"wp:attachment":[{"href":"https:\/\/callenium.memacon.com\/fr\/wp-json\/wp\/v2\/media?parent=1932"}],"curies":[{"name":"wp","href":"https:\/\/api.w.org\/{rel}","templated":true}]}}