{"id":1921,"date":"2023-02-23T15:43:25","date_gmt":"2023-02-23T14:43:25","guid":{"rendered":"https:\/\/callenium.ch\/privatkunden\/unfall\/"},"modified":"2024-02-29T13:36:26","modified_gmt":"2024-02-29T12:36:26","slug":"accidentes","status":"publish","type":"page","link":"https:\/\/callenium.memacon.com\/es\/clientes-particulares\/accidentes\/","title":{"rendered":"Accidentes"},"content":{"rendered":"[vc_row full_width=\u00bbstretch_row\u00bb content_placement=\u00bbmiddle\u00bb wpex_bg_overlay=\u00bbcustom\u00bb wpex_bg_overlay_color=\u00bb#e8e8e8&#8243;][vc_column][vc_column_text color=\u00bb#767579&#8243; font_size=\u00bb20px\u00bb]\n<h1><span style=\"color: #ec671c;\">Acci<\/span>dentes.<\/h1>\n[\/vc_column_text]<nav class=\"vcex-breadcrumbs vcex-breadcrumbs--custom-color\" style=\"color:#ec671c;--wpex-link-color:#767579;--wpex-hover-link-color:#ec671c;--vcex-breadcrumbs-sep-color:#ec671c;--wpex-hover-link-text-decoration:none;\" itemscope itemtype=\"http:\/\/schema.org\/BreadcrumbList\"><span class=\"trail-begin\" itemprop=\"itemListElement\" itemscope itemtype=\"http:\/\/schema.org\/ListItem\"><a itemprop=\"item\" href=\"https:\/\/callenium.memacon.com\/es\/\" rel=\"home\"><span itemprop=\"name\">Home<\/span><\/a><meta itemprop=\"position\" content=\"1\"><\/span><\/nav>[\/vc_column][\/vc_row][vc_row equal_height=\u00bbyes\u00bb css=\u00bb.vc_custom_1676312763637{margin-top: 60px !important;padding-top: 20px !important;padding-bottom: 20px !important;}\u00bb][vc_column width=\u00bb2\/3&#8243;]<div class=\"vcex-module vcex-icon-box vcex-icon-box-one wpex-relative wpex-flex wpex-text-left\"><div class=\"vcex-icon-box-symbol wpex-flex-shrink-0 wpex-mr-20\"><div class=\"vcex-icon-box-icon wpex-inline-flex wpex-items-center wpex-justify-center wpex-child-inherit-color wpex-text-center wpex-leading-none wpex-text-1 wpex-shadow-md wpex-p-15\" style=\"color:#ffffff;border-radius:var(--wpex-radius-blob-1);background:#ec671c;\"><span class=\"ticon ticon-heartbeat\" aria-hidden=\"true\"><\/span><\/div><\/div><div class=\"vcex-icon-box-text wpex-flex-grow\"><h1 class=\"vcex-icon-box-heading wpex-heading wpex-text-md wpex-mb-10\" style=\"color:#767579;font-size:24px;\">Para el mejor tratamiento posible.<\/h1><div class=\"vcex-icon-box-content wpex-last-mb-0 wpex-clr\" style=\"font-size:16px;\"><p style=\"text-align: justify\">Con un peque\u00f1o descuido puede ocurrir: un accidente. Y la mayor\u00eda de ellos ocurren dentro de tus propias cuatro paredes. Como el seguro b\u00e1sico de accidentes s\u00f3lo suele cubrir los gastos m\u00e1s necesarios, como particular tendr\u00e1s que pagar t\u00fa mismo todos los gastos de tratamiento adicionales. Para colmar esta laguna y contrarrestar la carga financiera, un seguro de accidentes privado es una buena opci\u00f3n. Nuestros asesores te proporcionar\u00e1n informaci\u00f3n completa e independiente sobre todas las opciones, para que s\u00f3lo tengas que preocuparte de tu recuperaci\u00f3n en caso de accidente.<\/p>\n<\/div><\/div><\/div>[\/vc_column][vc_column width=\u00bb1\/3&#8243; css=\u00bb.vc_custom_1676312749474{margin-left: 20px !important;border-left-width: 1px !important;padding-left: 30px !important;border-left-color: #d6d6d6 !important;border-left-style: solid !important;}\u00bb]<div class=\"vcex-heading vcex-module wpex-text-2xl wpex-font-normal wpex-m-auto wpex-max-w-100 vcex-heading-bottom-border-w-color wpex-block wpex-border-b-2 wpex-border-solid wpex-border-main\" style=\"color:#767579;border-bottom-color:#f2f2f2;\"><span class=\"vcex-heading-inner wpex-inline-block wpex-clr wpex-relative wpex-pb-5 wpex-border-b-2 wpex-border-solid wpex-border-accent\" style=\"border-color:#ec671c;\">Clientes particulares<\/span><\/div><div class=\"vcex-spacing wpex-w-100 wpex-clear\" style=\"height:30px;\"><\/div><style>.vcex-navbar.vcex_6a06db732bf99 .vcex-navbar-link{text-decoration:none;}.vcex-navbar.vcex_6a06db732bf99 .vcex-navbar-link:hover{text-decoration:none;}.vcex-navbar.vcex_6a06db732bf99 .vcex-navbar-link:active,.vcex-navbar.vcex_6a06db732bf99 .vcex-navbar-link.active{text-decoration:none;}.vcex-navbar.vcex_6a06db732bf99 a.vcex-navbar-link{color:#767579;letter-spacing:1px;}.vcex-navbar.vcex_6a06db732bf99 a.vcex-navbar-link:hover,.vcex-navbar.vcex_6a06db732bf99 a.vcex-navbar-link.active{color:#ec671c;}.vcex-navbar.vcex_6a06db732bf99{font-size:14px;}<\/style><nav class=\"vcex-navbar vcex-navbar--expanded vcex-module vcex_6a06db732bf99\"><div class=\"vcex-navbar-inner wpex-clr\"><a href=\"https:\/\/callenium.memacon.com\/privatkunden\/fahrzeug-und-reise\/\" class=\"vcex-navbar-link vcex-navbar-link--1865 wpex-inline-block wpex-float-left wpex-mb-5 theme-txt-link expanded wpex-text-base\"><span class=\"vcex-navbar-link-text\">Veh\u00edculos y viajes<\/span><\/a><a href=\"https:\/\/callenium.memacon.com\/privatkunden\/rechtsschutz\/\" class=\"vcex-navbar-link vcex-navbar-link--1916 wpex-inline-block wpex-float-left wpex-mb-5 theme-txt-link expanded wpex-text-base\"><span class=\"vcex-navbar-link-text\">Protecci\u00f3n jur\u00eddica<\/span><\/a><a href=\"https:\/\/callenium.memacon.com\/privatkunden\/wohnen\/\" class=\"vcex-navbar-link vcex-navbar-link--1934 wpex-inline-block wpex-float-left wpex-mb-5 theme-txt-link expanded wpex-text-base\"><span class=\"vcex-navbar-link-text\">Residencial<\/span><\/a><a href=\"https:\/\/callenium.memacon.com\/privatkunden\/vorsorge\/\" class=\"vcex-navbar-link vcex-navbar-link--1926 wpex-inline-block wpex-float-left wpex-mb-5 theme-txt-link expanded wpex-text-base\"><span class=\"vcex-navbar-link-text\">Pensiones<\/span><\/a><a href=\"https:\/\/callenium.memacon.com\/privatkunden\/unfall\/\" class=\"vcex-navbar-link vcex-navbar-link--1921 wpex-inline-block wpex-float-left wpex-mb-5 theme-txt-link expanded wpex-text-base\"><span class=\"vcex-navbar-link-text\">Accidentes<\/span><\/a><a href=\"https:\/\/callenium.memacon.com\/privatkunden\/krankheit\/\" class=\"vcex-navbar-link vcex-navbar-link--1911 wpex-inline-block wpex-float-left wpex-mb-5 theme-txt-link expanded wpex-text-base\"><span class=\"vcex-navbar-link-text\">Enfermedad<\/span><\/a><a href=\"https:\/\/callenium.memacon.com\/privatkunden\/finanzen\/\" class=\"vcex-navbar-link vcex-navbar-link--1906 wpex-inline-block wpex-float-left wpex-mb-5 theme-txt-link expanded wpex-text-base\"><span class=\"vcex-navbar-link-text\">Finanzas<\/span><\/a><\/div><\/nav>[\/vc_column][\/vc_row][vc_row full_width=\u00bbstretch_row\u00bb wpex_bg_overlay=\u00bbdark\u00bb remove_bottom_col_margin=\u00bbtrue\u00bb wpex_shape_divider_top=\u00bbtilt\u00bb css=\u00bb.vc_custom_1679912640043{padding-top: 50px !important;padding-bottom: 100px !important;background: #f4f4f4 url(https:\/\/callenium.memacon.com\/wp-content\/uploads\/2023\/02\/callenium-privatkunden-unfall.webp?id=815) !important;background-position: center !important;background-repeat: no-repeat !important;background-size: cover !important;}\u00bb wpex_shape_divider_top_color=\u00bb#ffffff\u00bb wpex_shape_divider_top_height=\u00bb100&#8243; wpex_bg_overlay_opacity=\u00bb0.6&#8243; wpex_bg_position=\u00bbcenter\u00bb][vc_column]<div class=\"vcex-spacing wpex-w-100 wpex-clear\" style=\"height:100px;\"><\/div><div class=\"vcex-module vcex-icon-box vcex-icon-box-two wpex-relative wpex-text-center\"><div class=\"vcex-icon-box-symbol wpex-mb-20\"><img decoding=\"async\" loading=\"lazy\" class=\"vcex-icon-box-image wpex-align-middle\" style=\"width:50px;\" src=\"https:\/\/callenium.memacon.com\/wp-content\/uploads\/2023\/02\/Callenium_bullets_white-50x38.webp\" alt=\"\" srcset=\"https:\/\/callenium.memacon.com\/wp-content\/uploads\/2023\/02\/Callenium_bullets_white-50x38.webp 50w, https:\/\/callenium.memacon.com\/wp-content\/uploads\/2023\/02\/Callenium_bullets_white-50x38@2x.webp 100w, https:\/\/callenium.memacon.com\/wp-content\/uploads\/2023\/02\/Callenium_bullets_white.webp 200w, https:\/\/callenium.memacon.com\/wp-content\/uploads\/2023\/02\/Callenium_bullets_white-50x38@2x.webp 2x\" width=\"50\" height=\"38\"><\/div><div class=\"vcex-icon-box-text\"><h1 class=\"vcex-icon-box-heading wpex-heading wpex-text-md wpex-mb-10\" style=\"color:#ffffff;font-size:24px;margin-bottom:20px;\">\u00bfTe gustar\u00eda recibir asesoramiento no vinculante sobre el tema de los \"accidentes\"?<\/h1><div class=\"vcex-icon-box-content wpex-last-mb-0 wpex-clr\" style=\"color:#ffffff;font-size:16px;\"><p>Como particular, tienes la posibilidad de estar cubierto en todos los aspectos y disponer de todo lo que necesitas en materia de seguros desde un \u00fanico lugar. Callenium te asesora de forma individual, transparente e independiente y te ofrece soluciones que se adaptan a ti y a tu situaci\u00f3n vital. Desde el seguro de enfermedad y responsabilidad civil hasta la planificaci\u00f3n financiera, d\u00e9jate asesorar por nosotros y ten la certeza de que en el futuro tendr\u00e1s a tu lado a un socio que te ofrece un verdadero servicio y no solo productos.<\/p>\n<\/div><\/div><\/div><div class=\"vcex-spacing wpex-w-100 wpex-clear\"><\/div><div class=\"theme-button-wrap textcenter theme-button-block-wrap wpex-block wpex-clear wpex-clr\"><a href=\"https:\/\/callenium.ch\/es\/contacto\/\" title=\"Contacto Callenium\" class=\"vcex-button theme-button align-center block  wpb_animate_when_almost_visible wpb_fadeInDown fadeInDown\" style=\"background:#ec671c;color:#ffffff;font-size:16px;\" data-wpex-hover='{&quot;background&quot;:&quot;#767579&quot;,&quot;color&quot;:&quot;#ffffff&quot;}'><span class=\"theme-button-inner\">Ponte en contacto con nosotros y d\u00e9janos asesorarte sin compromiso<span class=\"vcex-icon-wrap theme-button-icon-right\"><span class=\"ticon ticon-chevron-right\" aria-hidden=\"true\"><\/span><\/span><\/span><\/a><\/div> [\/vc_column][\/vc_row]\n","protected":false},"excerpt":{"rendered":"<p>[vc_row full_width=\u00bbstretch_row\u00bb content_placement=\u00bbmiddle\u00bb wpex_bg_overlay=\u00bbcustom\u00bb wpex_bg_overlay_color=\u00bb#e8e8e8&#8243;][vc_column][vc_column_text color=\u00bb#767579&#8243; font_size=\u00bb20px\u00bb] Accidentes. [\/vc_column_text][\/vc_column][\/vc_row][vc_row equal_height=\u00bbyes\u00bb css=\u00bb.vc_custom_1676312763637{margin-top: 60px !important;padding-top: 20px !important;padding-bottom: 20px !important;}\u00bb][vc_column width=\u00bb2\/3&#8243;][\/vc_column][vc_column width=\u00bb1\/3&#8243; css=\u00bb.vc_custom_1676312749474{margin-left: 20px !important;border-left-width: 1px !important;padding-left: 30px !important;border-left-color: #d6d6d6 !important;border-left-style: solid !important;}\u00bb][\/vc_column][\/vc_row][vc_row full_width=\u00bbstretch_row\u00bb wpex_bg_overlay=\u00bbdark\u00bb remove_bottom_col_margin=\u00bbtrue\u00bb wpex_shape_divider_top=\u00bbtilt\u00bb css=\u00bb.vc_custom_1679912640043{padding-top: 50px !important;padding-bottom: 100px !important;background: #f4f4f4 url(https:\/\/callenium.memacon.com\/wp-content\/uploads\/2023\/02\/callenium-privatkunden-unfall.webp?id=815) !important;background-position: center !important;background-repeat: no-repeat !important;background-size: cover !important;}\u00bb wpex_shape_divider_top_color=\u00bb#ffffff\u00bb wpex_shape_divider_top_height=\u00bb100&#8243; wpex_bg_overlay_opacity=\u00bb0.6&#8243; wpex_bg_position=\u00bbcenter\u00bb][vc_column][\/vc_column][\/vc_row]<\/p>\n","protected":false},"author":2,"featured_media":0,"parent":1860,"menu_order":0,"comment_status":"closed","ping_status":"closed","template":"","meta":{"footnotes":""},"class_list":["post-1921","page","type-page","status-publish","hentry","entry","no-media"],"yoast_head":"<!-- This site is optimized with the Yoast SEO plugin v26.2 - https:\/\/yoast.com\/wordpress\/plugins\/seo\/ -->\n<title>Accidentes | Clientes particulares Callenium<\/title>\n<meta name=\"description\" content=\"Konzentrieren Sie sich nach einem Unfall auf Ihre Genesung - Ihre private Unfallversicherung \u00fcbernimmt den Rest. Be insured. Enjoy life.\" \/>\n<meta name=\"robots\" content=\"noindex, follow, max-snippet:-1, max-image-preview:large, max-video-preview:-1\" \/>\n<meta property=\"og:locale\" content=\"es_ES\" \/>\n<meta property=\"og:type\" content=\"article\" \/>\n<meta property=\"og:title\" content=\"Accidentes | Clientes particulares Callenium\" \/>\n<meta property=\"og:description\" content=\"Konzentrieren Sie sich nach einem Unfall auf Ihre Genesung - Ihre private Unfallversicherung \u00fcbernimmt den Rest. Be insured. Enjoy life.\" \/>\n<meta property=\"og:url\" content=\"https:\/\/callenium.memacon.com\/es\/clientes-particulares\/accidentes\/\" \/>\n<meta property=\"og:site_name\" content=\"Callenium\" \/>\n<meta property=\"article:modified_time\" content=\"2024-02-29T12:36:26+00:00\" \/>\n<meta property=\"og:image\" content=\"https:\/\/callenium.memacon.com\/wp-content\/uploads\/2023\/03\/callenium-home-slider-orange-04-farbe.webp\" \/>\n\t<meta property=\"og:image:width\" content=\"1600\" \/>\n\t<meta property=\"og:image:height\" content=\"600\" \/>\n\t<meta property=\"og:image:type\" content=\"image\/webp\" \/>\n<meta name=\"twitter:card\" content=\"summary_large_image\" \/>\n<meta name=\"twitter:label1\" content=\"Tiempo de lectura\" \/>\n\t<meta name=\"twitter:data1\" content=\"2 minutos\" \/>\n<script type=\"application\/ld+json\" class=\"yoast-schema-graph\">{\"@context\":\"https:\/\/schema.org\",\"@graph\":[{\"@type\":\"WebPage\",\"@id\":\"https:\/\/callenium.memacon.com\/es\/clientes-particulares\/accidentes\/\",\"url\":\"https:\/\/callenium.memacon.com\/es\/clientes-particulares\/accidentes\/\",\"name\":\"Accidentes | Clientes particulares Callenium\",\"isPartOf\":{\"@id\":\"https:\/\/callenium.memacon.com\/es\/#website\"},\"datePublished\":\"2023-02-23T14:43:25+00:00\",\"dateModified\":\"2024-02-29T12:36:26+00:00\",\"description\":\"Konzentrieren Sie sich nach einem Unfall auf Ihre Genesung - Ihre private Unfallversicherung \u00fcbernimmt den Rest. Be insured. Enjoy life.\",\"breadcrumb\":{\"@id\":\"https:\/\/callenium.memacon.com\/es\/clientes-particulares\/accidentes\/#breadcrumb\"},\"inLanguage\":\"es\",\"potentialAction\":[{\"@type\":\"ReadAction\",\"target\":[\"https:\/\/callenium.memacon.com\/es\/clientes-particulares\/accidentes\/\"]}]},{\"@type\":\"BreadcrumbList\",\"@id\":\"https:\/\/callenium.memacon.com\/es\/clientes-particulares\/accidentes\/#breadcrumb\",\"itemListElement\":[{\"@type\":\"ListItem\",\"position\":1,\"name\":\"Home\",\"item\":\"https:\/\/callenium.memacon.com\/es\/\"},{\"@type\":\"ListItem\",\"position\":2,\"name\":\"Clientes particulares\",\"item\":\"https:\/\/callenium.memacon.com\/es\/clientes-particulares\/\"},{\"@type\":\"ListItem\",\"position\":3,\"name\":\"Accidentes\"}]},{\"@type\":\"WebSite\",\"@id\":\"https:\/\/callenium.memacon.com\/es\/#website\",\"url\":\"https:\/\/callenium.memacon.com\/es\/\",\"name\":\"Callenium\",\"description\":\"Ihr neutraler Versicherungsberater\",\"publisher\":{\"@id\":\"https:\/\/callenium.memacon.com\/es\/#organization\"},\"potentialAction\":[{\"@type\":\"SearchAction\",\"target\":{\"@type\":\"EntryPoint\",\"urlTemplate\":\"https:\/\/callenium.memacon.com\/es\/?s={search_term_string}\"},\"query-input\":{\"@type\":\"PropertyValueSpecification\",\"valueRequired\":true,\"valueName\":\"search_term_string\"}}],\"inLanguage\":\"es\"},{\"@type\":\"Organization\",\"@id\":\"https:\/\/callenium.memacon.com\/es\/#organization\",\"name\":\"Callenium GmbH\",\"url\":\"https:\/\/callenium.memacon.com\/es\/\",\"logo\":{\"@type\":\"ImageObject\",\"inLanguage\":\"es\",\"@id\":\"https:\/\/callenium.memacon.com\/es\/#\/schema\/logo\/image\/\",\"url\":\"https:\/\/callenium.memacon.com\/wp-content\/uploads\/2023\/01\/Callenium-Favicon-152.png\",\"contentUrl\":\"https:\/\/callenium.memacon.com\/wp-content\/uploads\/2023\/01\/Callenium-Favicon-152.png\",\"width\":152,\"height\":152,\"caption\":\"Callenium GmbH\"},\"image\":{\"@id\":\"https:\/\/callenium.memacon.com\/es\/#\/schema\/logo\/image\/\"}}]}<\/script>\n<!-- \/ Yoast SEO plugin. -->","yoast_head_json":{"title":"Accidentes | Clientes particulares Callenium","description":"Konzentrieren Sie sich nach einem Unfall auf Ihre Genesung - Ihre private Unfallversicherung \u00fcbernimmt den Rest. Be insured. Enjoy life.","robots":{"index":"noindex","follow":"follow","max-snippet":"max-snippet:-1","max-image-preview":"max-image-preview:large","max-video-preview":"max-video-preview:-1"},"og_locale":"es_ES","og_type":"article","og_title":"Accidentes | Clientes particulares Callenium","og_description":"Konzentrieren Sie sich nach einem Unfall auf Ihre Genesung - Ihre private Unfallversicherung \u00fcbernimmt den Rest. Be insured. Enjoy life.","og_url":"https:\/\/callenium.memacon.com\/es\/clientes-particulares\/accidentes\/","og_site_name":"Callenium","article_modified_time":"2024-02-29T12:36:26+00:00","og_image":[{"width":1600,"height":600,"url":"https:\/\/callenium.memacon.com\/wp-content\/uploads\/2023\/03\/callenium-home-slider-orange-04-farbe.webp","type":"image\/webp"}],"twitter_card":"summary_large_image","twitter_misc":{"Tiempo de lectura":"2 minutos"},"schema":{"@context":"https:\/\/schema.org","@graph":[{"@type":"WebPage","@id":"https:\/\/callenium.memacon.com\/es\/clientes-particulares\/accidentes\/","url":"https:\/\/callenium.memacon.com\/es\/clientes-particulares\/accidentes\/","name":"Accidentes | Clientes particulares Callenium","isPartOf":{"@id":"https:\/\/callenium.memacon.com\/es\/#website"},"datePublished":"2023-02-23T14:43:25+00:00","dateModified":"2024-02-29T12:36:26+00:00","description":"Konzentrieren Sie sich nach einem Unfall auf Ihre Genesung - Ihre private Unfallversicherung \u00fcbernimmt den Rest. Be insured. Enjoy life.","breadcrumb":{"@id":"https:\/\/callenium.memacon.com\/es\/clientes-particulares\/accidentes\/#breadcrumb"},"inLanguage":"es","potentialAction":[{"@type":"ReadAction","target":["https:\/\/callenium.memacon.com\/es\/clientes-particulares\/accidentes\/"]}]},{"@type":"BreadcrumbList","@id":"https:\/\/callenium.memacon.com\/es\/clientes-particulares\/accidentes\/#breadcrumb","itemListElement":[{"@type":"ListItem","position":1,"name":"Home","item":"https:\/\/callenium.memacon.com\/es\/"},{"@type":"ListItem","position":2,"name":"Clientes particulares","item":"https:\/\/callenium.memacon.com\/es\/clientes-particulares\/"},{"@type":"ListItem","position":3,"name":"Accidentes"}]},{"@type":"WebSite","@id":"https:\/\/callenium.memacon.com\/es\/#website","url":"https:\/\/callenium.memacon.com\/es\/","name":"Callenium","description":"Ihr neutraler Versicherungsberater","publisher":{"@id":"https:\/\/callenium.memacon.com\/es\/#organization"},"potentialAction":[{"@type":"SearchAction","target":{"@type":"EntryPoint","urlTemplate":"https:\/\/callenium.memacon.com\/es\/?s={search_term_string}"},"query-input":{"@type":"PropertyValueSpecification","valueRequired":true,"valueName":"search_term_string"}}],"inLanguage":"es"},{"@type":"Organization","@id":"https:\/\/callenium.memacon.com\/es\/#organization","name":"Callenium GmbH","url":"https:\/\/callenium.memacon.com\/es\/","logo":{"@type":"ImageObject","inLanguage":"es","@id":"https:\/\/callenium.memacon.com\/es\/#\/schema\/logo\/image\/","url":"https:\/\/callenium.memacon.com\/wp-content\/uploads\/2023\/01\/Callenium-Favicon-152.png","contentUrl":"https:\/\/callenium.memacon.com\/wp-content\/uploads\/2023\/01\/Callenium-Favicon-152.png","width":152,"height":152,"caption":"Callenium GmbH"},"image":{"@id":"https:\/\/callenium.memacon.com\/es\/#\/schema\/logo\/image\/"}}]}},"_links":{"self":[{"href":"https:\/\/callenium.memacon.com\/es\/wp-json\/wp\/v2\/pages\/1921","targetHints":{"allow":["GET"]}}],"collection":[{"href":"https:\/\/callenium.memacon.com\/es\/wp-json\/wp\/v2\/pages"}],"about":[{"href":"https:\/\/callenium.memacon.com\/es\/wp-json\/wp\/v2\/types\/page"}],"author":[{"embeddable":true,"href":"https:\/\/callenium.memacon.com\/es\/wp-json\/wp\/v2\/users\/2"}],"replies":[{"embeddable":true,"href":"https:\/\/callenium.memacon.com\/es\/wp-json\/wp\/v2\/comments?post=1921"}],"version-history":[{"count":2,"href":"https:\/\/callenium.memacon.com\/es\/wp-json\/wp\/v2\/pages\/1921\/revisions"}],"predecessor-version":[{"id":2178,"href":"https:\/\/callenium.memacon.com\/es\/wp-json\/wp\/v2\/pages\/1921\/revisions\/2178"}],"up":[{"embeddable":true,"href":"https:\/\/callenium.memacon.com\/es\/wp-json\/wp\/v2\/pages\/1860"}],"wp:attachment":[{"href":"https:\/\/callenium.memacon.com\/es\/wp-json\/wp\/v2\/media?parent=1921"}],"curies":[{"name":"wp","href":"https:\/\/api.w.org\/{rel}","templated":true}]}}