{"id":1891,"date":"2023-03-01T15:37:11","date_gmt":"2023-03-01T14:37:11","guid":{"rendered":"https:\/\/callenium.ch\/impressum\/"},"modified":"2025-08-14T14:10:08","modified_gmt":"2025-08-14T12:10:08","slug":"impressum","status":"publish","type":"page","link":"https:\/\/callenium.memacon.com\/es\/impressum\/","title":{"rendered":"Impressum"},"content":{"rendered":"[vc_row full_width=\u00bbstretch_row\u00bb content_placement=\u00bbmiddle\u00bb wpex_bg_overlay=\u00bbcustom\u00bb wpex_bg_overlay_color=\u00bb#e8e8e8&#8243;][vc_column][vc_column_text color=\u00bb#767579&#8243; font_size=\u00bb20px\u00bb]\n<h1><span style=\"color: #ec671c;\">Impres<\/span>sum.<\/h1>\n[\/vc_column_text]<nav class=\"vcex-breadcrumbs vcex-breadcrumbs--custom-color\" style=\"color:#ec671c;--wpex-link-color:#767579;--wpex-hover-link-color:#ec671c;--vcex-breadcrumbs-sep-color:#ec671c;--wpex-hover-link-text-decoration:none;\" itemscope itemtype=\"http:\/\/schema.org\/BreadcrumbList\"><span class=\"trail-begin\" itemprop=\"itemListElement\" itemscope itemtype=\"http:\/\/schema.org\/ListItem\"><a itemprop=\"item\" href=\"https:\/\/callenium.memacon.com\/es\/\" rel=\"home\"><span itemprop=\"name\">Home<\/span><\/a><meta itemprop=\"position\" content=\"1\"><\/span><\/nav>[\/vc_column][\/vc_row][vc_row equal_height=\u00bbyes\u00bb css=\u00bb.vc_custom_1676312763637{margin-top: 60px !important;padding-top: 20px !important;padding-bottom: 20px !important;}\u00bb][vc_column]<div class=\"vcex-module vcex-icon-box vcex-icon-box-one wpex-relative wpex-flex wpex-text-left\"><div class=\"vcex-icon-box-symbol wpex-flex-shrink-0 wpex-mr-20\"><img decoding=\"async\" loading=\"lazy\" class=\"vcex-icon-box-image wpex-align-middle\" style=\"width:30px;\" src=\"https:\/\/callenium.memacon.com\/wp-content\/uploads\/2023\/02\/Callenium_bullets-30x23.webp\" alt=\"\" srcset=\"https:\/\/callenium.memacon.com\/wp-content\/uploads\/2023\/02\/Callenium_bullets-30x23.webp 30w, https:\/\/callenium.memacon.com\/wp-content\/uploads\/2023\/02\/Callenium_bullets-50x38.webp 50w, https:\/\/callenium.memacon.com\/wp-content\/uploads\/2023\/02\/Callenium_bullets-50x38@2x.webp 100w, https:\/\/callenium.memacon.com\/wp-content\/uploads\/2023\/02\/Callenium_bullets-20x15.webp 20w, https:\/\/callenium.memacon.com\/wp-content\/uploads\/2023\/02\/Callenium_bullets-20x15@2x.webp 40w, https:\/\/callenium.memacon.com\/wp-content\/uploads\/2023\/02\/Callenium_bullets-30x23@2x.webp 60w, https:\/\/callenium.memacon.com\/wp-content\/uploads\/2023\/02\/Callenium_bullets.webp 200w, https:\/\/callenium.memacon.com\/wp-content\/uploads\/2023\/02\/Callenium_bullets-30x23@2x.webp 2x\" width=\"30\" height=\"23\"><\/div><div class=\"vcex-icon-box-text wpex-flex-grow\"><h1 class=\"vcex-icon-box-heading wpex-heading wpex-text-md wpex-mb-10\" style=\"color:#767579;font-size:24px;\">Callenium GmbH<\/h1><div class=\"vcex-icon-box-content wpex-last-mb-0 wpex-clr\" style=\"font-size:16px;\"><p>Bahnhofstrasse 15<br \/>\nCH-8253 Diessenhofen<br \/>\n+41 52 657 59 14<br \/>\n<a href=\"mailto:info@callenium.ch\">info@callenium.ch<\/a><\/p>\n<\/div><\/div><\/div><div class=\"vcex-spacing wpex-w-100 wpex-clear\" style=\"height:30px;\"><\/div><div class=\"vcex-module vcex-icon-box vcex-icon-box-one wpex-relative wpex-flex wpex-text-left\"><div class=\"vcex-icon-box-symbol wpex-flex-shrink-0 wpex-mr-20\" style=\"width:30px;\"><div class=\"vcex-icon-box-icon wpex-inline-flex wpex-items-center wpex-justify-center wpex-child-inherit-color wpex-text-center wpex-leading-none wpex-w-100 wpex-text-1 wpex-shadow-none\" style=\"color:#ec671c;\"><span class=\"ticon ticon-angle-double-right\" aria-hidden=\"true\"><\/span><\/div><\/div><div class=\"vcex-icon-box-text wpex-flex-grow\"><h1 class=\"vcex-icon-box-heading wpex-heading wpex-text-md wpex-mb-10\" style=\"color:#767579;font-size:24px;\">Comit\u00e9 ejecutivo<\/h1><div class=\"vcex-icon-box-content wpex-last-mb-0 wpex-clr\" style=\"font-size:16px;\"><p>Tania Rivetti<\/p>\n<\/div><\/div><\/div><div class=\"vcex-spacing wpex-w-100 wpex-clear\" style=\"height:30px;\"><\/div><div class=\"vcex-module vcex-icon-box vcex-icon-box-one wpex-relative wpex-flex wpex-text-left\"><div class=\"vcex-icon-box-symbol wpex-flex-shrink-0 wpex-mr-20\" style=\"width:30px;\"><div class=\"vcex-icon-box-icon wpex-inline-flex wpex-items-center wpex-justify-center wpex-child-inherit-color wpex-text-center wpex-leading-none wpex-w-100 wpex-text-1 wpex-shadow-none\" style=\"color:#ec671c;\"><span class=\"ticon ticon-angle-double-right\" aria-hidden=\"true\"><\/span><\/div><\/div><div class=\"vcex-icon-box-text wpex-flex-grow\"><h1 class=\"vcex-icon-box-heading wpex-heading wpex-text-md wpex-mb-10\" style=\"color:#767579;font-size:24px;\">Descargo de responsabilidad<\/h1><div class=\"vcex-icon-box-content wpex-last-mb-0 wpex-clr\" style=\"font-size:16px;\"><p style=\"text-align: justify\">El autor no asume responsabilidad alguna con respecto a la exactitud, precisi\u00f3n, actualizaci\u00f3n, fiabilidad e integridad de la informaci\u00f3n. Quedan excluidas las reclamaciones de responsabilidad contra el autor por da\u00f1os de naturaleza material o inmaterial derivados del acceso, uso o no uso de la informaci\u00f3n publicada, por mal uso de la conexi\u00f3n o por fallos t\u00e9cnicos. Todas las ofertas son sin compromiso. El autor se reserva expresamente el derecho a modificar, completar o eliminar partes de las p\u00e1ginas o toda la oferta sin previo aviso, o a interrumpir la publicaci\u00f3n temporal o definitivamente.<\/p>\n<\/div><\/div><\/div><div class=\"vcex-spacing wpex-w-100 wpex-clear\" style=\"height:30px;\"><\/div><div class=\"vcex-module vcex-icon-box vcex-icon-box-one wpex-relative wpex-flex wpex-text-left\"><div class=\"vcex-icon-box-symbol wpex-flex-shrink-0 wpex-mr-20\" style=\"width:30px;\"><div class=\"vcex-icon-box-icon wpex-inline-flex wpex-items-center wpex-justify-center wpex-child-inherit-color wpex-text-center wpex-leading-none wpex-w-100 wpex-text-1 wpex-shadow-none\" style=\"color:#ec671c;\"><span class=\"ticon ticon-angle-double-right\" aria-hidden=\"true\"><\/span><\/div><\/div><div class=\"vcex-icon-box-text wpex-flex-grow\"><h1 class=\"vcex-icon-box-heading wpex-heading wpex-text-md wpex-mb-10\" style=\"color:#767579;font-size:24px;\">Responsabilidad por enlaces de terceros<\/h1><div class=\"vcex-icon-box-content wpex-last-mb-0 wpex-clr\" style=\"font-size:16px;\"><p style=\"text-align: justify\">Nuestro sitio web puede contener referencias y enlaces a sitios web de otros proveedores. Las referencias y enlaces a sitios web de terceros est\u00e1n fuera de nuestro \u00e1mbito de responsabilidad. No tenemos influencia alguna sobre el contenido de terceros. S\u00f3lo el respectivo proveedor u operador del sitio es responsable del contenido de los respectivos sitios web. No se acepta ninguna responsabilidad por los sitios web de terceros. El acceso y el uso de dichos sitios web se realiza por cuenta y riesgo del visitante del sitio web. Por este motivo, no asumimos ninguna responsabilidad ni garant\u00eda por estos contenidos de terceros. En el momento de insertar una referencia y\/o enlace, se comprob\u00f3 si las p\u00e1ginas correspondientes infring\u00edan la ley. En ese momento no se detect\u00f3 ning\u00fan contenido ilegal. Por razones t\u00e9cnicas, es imposible comprobar regularmente todas las p\u00e1ginas enlazadas sin pruebas concretas de una infracci\u00f3n. En cuanto tengamos conocimiento de una infracci\u00f3n, eliminaremos inmediatamente el enlace correspondiente.<\/p>\n<\/div><\/div><\/div><div class=\"vcex-spacing wpex-w-100 wpex-clear\" style=\"height:30px;\"><\/div><div class=\"vcex-module vcex-icon-box vcex-icon-box-one wpex-relative wpex-flex wpex-text-left\"><div class=\"vcex-icon-box-symbol wpex-flex-shrink-0 wpex-mr-20\" style=\"width:30px;\"><div class=\"vcex-icon-box-icon wpex-inline-flex wpex-items-center wpex-justify-center wpex-child-inherit-color wpex-text-center wpex-leading-none wpex-w-100 wpex-text-1 wpex-shadow-none\" style=\"color:#ec671c;\"><span class=\"ticon ticon-angle-double-right\" aria-hidden=\"true\"><\/span><\/div><\/div><div class=\"vcex-icon-box-text wpex-flex-grow\"><h1 class=\"vcex-icon-box-heading wpex-heading wpex-text-md wpex-mb-10\" style=\"color:#767579;font-size:24px;\">Derechos de autor<\/h1><div class=\"vcex-icon-box-content wpex-last-mb-0 wpex-clr\" style=\"font-size:16px;\"><p style=\"text-align: justify\">El copyright y todos los dem\u00e1s derechos sobre el contenido, im\u00e1genes, fotos u otros archivos del sitio web pertenecen exclusivamente a Callenium GmbH o a los titulares de los derechos espec\u00edficamente mencionados. La reproducci\u00f3n, modificaci\u00f3n, distribuci\u00f3n y cualquier forma de utilizaci\u00f3n fuera de los l\u00edmites de la ley de derechos de autor s\u00f3lo est\u00e1n permitidas con el consentimiento por escrito del titular de los derechos de autor. Debe obtenerse previamente el consentimiento por escrito.<\/p>\n<p>Algunas de las im\u00e1genes y gr\u00e1ficos se crearon para este fin (sitio web) adquiridos a trav\u00e9s de<\/p>\n<ul>\n<li>Envato Elements<\/li>\n<li>Unsplash.com<\/li>\n<\/ul>\n<\/div><\/div><\/div>[\/vc_column][\/vc_row][vc_row][vc_column]<div class=\"templatera_shortcode\"><style type=\"text\/css\" data-type=\"vc_shortcodes-custom-css\">.vc_custom_1674828984433{padding-top: 150px !important;padding-bottom: 110px !important;background-image: url(https:\/\/callenium.memacon.com\/wp-content\/uploads\/2023\/01\/home-callenium-facts.webp?id=593) !important;background-position: center;background-repeat: no-repeat !important;background-size: cover !important;}<\/style><p>[vc_row full_width=\"stretch_row\" parallax=\"content-moving\" parallax_image=\"425\" parallax_speed_bg=\"3.0\" wpex_bg_overlay=\"dotted\" css=\".vc_custom_1674828984433{padding-top: 150px !important;padding-bottom: 110px !important;background-image: url(https:\/\/callenium.memacon.com\/wp-content\/uploads\/2023\/01\/home-callenium-facts.webp?id=593) !important;background-position: center;background-repeat: no-repeat !important;background-size: cover !important;}\" wpex_bg_overlay_opacity=\"0.55\" wpex_bg_overlay_color=\"#000000\"][vc_column][vc_row_inner][vc_column_inner width=\"1\/4\"]<div class=\"vcex-milestone vcex-module wpex-text-4 wpex-clr wpex-text-center\"><div class=\"vcex-milestone-inner wpex-inline-block\"><div class=\"vcex-milestone-desc\"><div class=\"vcex-milestone-number wpex-leading-none wpex-font-semibold\" style=\"color:#ec671c;font-size:60px;font-family:Montserrat;\"><span class=\"vcex-milestone-before\">+<\/span><span class=\"vcex-milestone-time vcex-countup\" data-options=\"{&quot;startVal&quot;:0,&quot;endVal&quot;:20,&quot;duration&quot;:2.5,&quot;decimals&quot;:0,&quot;separator&quot;:&quot;,&quot;,&quot;decimal&quot;:&quot;.&quot;,&quot;animateOnScroll&quot;:true}\">0<\/span><\/div><div class=\"vcex-milestone-caption wpex-mt-5\" style=\"color:#ffffff;font-size:18px;font-weight:600;\">a\u00f1os de experiencia<\/div><\/div><\/div><\/div>[\/vc_column_inner][vc_column_inner width=\"1\/4\"]<div class=\"vcex-milestone vcex-module wpex-text-4 wpex-clr wpex-text-center\"><div class=\"vcex-milestone-inner wpex-inline-block\"><div class=\"vcex-milestone-desc\"><div class=\"vcex-milestone-number wpex-leading-none wpex-font-semibold\" style=\"color:#ec671c;font-size:60px;font-family:Montserrat;\"><span class=\"vcex-milestone-time vcex-countup\" data-options=\"{&quot;startVal&quot;:0,&quot;endVal&quot;:6,&quot;duration&quot;:2.5,&quot;decimals&quot;:0,&quot;separator&quot;:&quot;,&quot;,&quot;decimal&quot;:&quot;.&quot;,&quot;animateOnScroll&quot;:true}\">0<\/span><\/div><div class=\"vcex-milestone-caption wpex-mt-5\" style=\"color:#ffffff;font-size:18px;font-weight:600;\">ubicaciones<\/div><\/div><\/div><\/div>[\/vc_column_inner][vc_column_inner width=\"1\/4\"]<div class=\"vcex-milestone vcex-module wpex-text-4 wpex-clr wpex-text-center\"><div class=\"vcex-milestone-inner wpex-inline-block\"><div class=\"vcex-milestone-desc\"><div class=\"vcex-milestone-number wpex-leading-none wpex-font-semibold\" style=\"color:#ec671c;font-size:60px;font-family:Montserrat;\"><span class=\"vcex-milestone-before\">+<\/span><span class=\"vcex-milestone-time vcex-countup\" data-options=\"{&quot;startVal&quot;:0,&quot;endVal&quot;:140,&quot;duration&quot;:2.5,&quot;decimals&quot;:0,&quot;separator&quot;:&quot;,&quot;,&quot;decimal&quot;:&quot;.&quot;,&quot;animateOnScroll&quot;:true}\">0<\/span><\/div><div class=\"vcex-milestone-caption wpex-mt-5\" style=\"color:#ffffff;font-size:18px;font-weight:600;\">empleados<\/div><\/div><\/div><\/div>[\/vc_column_inner][vc_column_inner width=\"1\/4\"]<div class=\"vcex-milestone vcex-module wpex-text-4 wpex-clr wpex-text-center\"><div class=\"vcex-milestone-inner wpex-inline-block\"><div class=\"vcex-milestone-desc\"><div class=\"vcex-milestone-number wpex-leading-none wpex-font-semibold\" style=\"color:#ec671c;font-size:60px;font-family:Montserrat;\"><span class=\"vcex-milestone-time vcex-countup\" data-options=\"{&quot;startVal&quot;:0,&quot;endVal&quot;:100,&quot;duration&quot;:2.5,&quot;decimals&quot;:0,&quot;separator&quot;:&quot;,&quot;,&quot;decimal&quot;:&quot;.&quot;,&quot;animateOnScroll&quot;:true}\">0<\/span><span class=\"vcex-milestone-after\">%<\/span><\/div><div class=\"vcex-milestone-caption wpex-mt-5\" style=\"color:#ffffff;font-size:18px;font-weight:600;\">neutral<\/div><\/div><\/div><\/div>[\/vc_column_inner][\/vc_row_inner][\/vc_column][\/vc_row]<\/p>\r\n<\/div>[\/vc_column][\/vc_row]\n","protected":false},"excerpt":{"rendered":"<p>[vc_row full_width=\u00bbstretch_row\u00bb content_placement=\u00bbmiddle\u00bb wpex_bg_overlay=\u00bbcustom\u00bb wpex_bg_overlay_color=\u00bb#e8e8e8&#8243;][vc_column][vc_column_text color=\u00bb#767579&#8243; font_size=\u00bb20px\u00bb] Impressum. [\/vc_column_text][\/vc_column][\/vc_row][vc_row equal_height=\u00bbyes\u00bb css=\u00bb.vc_custom_1676312763637{margin-top: 60px !important;padding-top: 20px !important;padding-bottom: 20px !important;}\u00bb][vc_column][\/vc_column][\/vc_row][vc_row][vc_column][\/vc_column][\/vc_row]<\/p>\n","protected":false},"author":2,"featured_media":0,"parent":0,"menu_order":0,"comment_status":"closed","ping_status":"closed","template":"","meta":{"footnotes":""},"class_list":["post-1891","page","type-page","status-publish","hentry","entry","no-media"],"yoast_head":"<!-- This site is optimized with the Yoast SEO plugin v26.2 - https:\/\/yoast.com\/wordpress\/plugins\/seo\/ -->\n<title>Impressum | Callenium GmbH<\/title>\n<meta name=\"description\" content=\"Callenium GmbH. Bahnhofstrasse 15 in CH-8253 Diessenhofen. Kontakt: +41 52 657 59 14 |\u00a0info@callenium.ch. Be insured. Enjoy life.\" \/>\n<meta name=\"robots\" content=\"noindex, follow, max-snippet:-1, max-image-preview:large, max-video-preview:-1\" \/>\n<meta property=\"og:locale\" content=\"es_ES\" \/>\n<meta property=\"og:type\" content=\"article\" \/>\n<meta property=\"og:title\" content=\"Impressum | Callenium GmbH\" \/>\n<meta property=\"og:description\" content=\"Callenium GmbH. Bahnhofstrasse 15 in CH-8253 Diessenhofen. Kontakt: +41 52 657 59 14 |\u00a0info@callenium.ch. Be insured. Enjoy life.\" \/>\n<meta property=\"og:url\" content=\"https:\/\/callenium.memacon.com\/es\/impressum\/\" \/>\n<meta property=\"og:site_name\" content=\"Callenium\" \/>\n<meta property=\"article:modified_time\" content=\"2025-08-14T12:10:08+00:00\" \/>\n<meta property=\"og:image\" content=\"https:\/\/callenium.memacon.com\/wp-content\/uploads\/2023\/03\/callenium-home-slider-orange-04-farbe.webp\" \/>\n\t<meta property=\"og:image:width\" content=\"1600\" \/>\n\t<meta property=\"og:image:height\" content=\"600\" \/>\n\t<meta property=\"og:image:type\" content=\"image\/webp\" \/>\n<meta name=\"twitter:card\" content=\"summary_large_image\" \/>\n<meta name=\"twitter:label1\" content=\"Tiempo de lectura\" \/>\n\t<meta name=\"twitter:data1\" content=\"3 minutos\" \/>\n<script type=\"application\/ld+json\" class=\"yoast-schema-graph\">{\"@context\":\"https:\/\/schema.org\",\"@graph\":[{\"@type\":\"WebPage\",\"@id\":\"https:\/\/callenium.memacon.com\/es\/impressum\/\",\"url\":\"https:\/\/callenium.memacon.com\/es\/impressum\/\",\"name\":\"Impressum | Callenium GmbH\",\"isPartOf\":{\"@id\":\"https:\/\/callenium.memacon.com\/es\/#website\"},\"datePublished\":\"2023-03-01T14:37:11+00:00\",\"dateModified\":\"2025-08-14T12:10:08+00:00\",\"description\":\"Callenium GmbH. Bahnhofstrasse 15 in CH-8253 Diessenhofen. Kontakt: +41 52 657 59 14 |\u00a0info@callenium.ch. Be insured. Enjoy life.\",\"breadcrumb\":{\"@id\":\"https:\/\/callenium.memacon.com\/es\/impressum\/#breadcrumb\"},\"inLanguage\":\"es\",\"potentialAction\":[{\"@type\":\"ReadAction\",\"target\":[\"https:\/\/callenium.memacon.com\/es\/impressum\/\"]}]},{\"@type\":\"BreadcrumbList\",\"@id\":\"https:\/\/callenium.memacon.com\/es\/impressum\/#breadcrumb\",\"itemListElement\":[{\"@type\":\"ListItem\",\"position\":1,\"name\":\"Home\",\"item\":\"https:\/\/callenium.memacon.com\/es\/\"},{\"@type\":\"ListItem\",\"position\":2,\"name\":\"Impressum\"}]},{\"@type\":\"WebSite\",\"@id\":\"https:\/\/callenium.memacon.com\/es\/#website\",\"url\":\"https:\/\/callenium.memacon.com\/es\/\",\"name\":\"Callenium\",\"description\":\"Ihr neutraler Versicherungsberater\",\"publisher\":{\"@id\":\"https:\/\/callenium.memacon.com\/es\/#organization\"},\"potentialAction\":[{\"@type\":\"SearchAction\",\"target\":{\"@type\":\"EntryPoint\",\"urlTemplate\":\"https:\/\/callenium.memacon.com\/es\/?s={search_term_string}\"},\"query-input\":{\"@type\":\"PropertyValueSpecification\",\"valueRequired\":true,\"valueName\":\"search_term_string\"}}],\"inLanguage\":\"es\"},{\"@type\":\"Organization\",\"@id\":\"https:\/\/callenium.memacon.com\/es\/#organization\",\"name\":\"Callenium GmbH\",\"url\":\"https:\/\/callenium.memacon.com\/es\/\",\"logo\":{\"@type\":\"ImageObject\",\"inLanguage\":\"es\",\"@id\":\"https:\/\/callenium.memacon.com\/es\/#\/schema\/logo\/image\/\",\"url\":\"https:\/\/callenium.memacon.com\/wp-content\/uploads\/2023\/01\/Callenium-Favicon-152.png\",\"contentUrl\":\"https:\/\/callenium.memacon.com\/wp-content\/uploads\/2023\/01\/Callenium-Favicon-152.png\",\"width\":152,\"height\":152,\"caption\":\"Callenium GmbH\"},\"image\":{\"@id\":\"https:\/\/callenium.memacon.com\/es\/#\/schema\/logo\/image\/\"}}]}<\/script>\n<!-- \/ Yoast SEO plugin. -->","yoast_head_json":{"title":"Impressum | Callenium GmbH","description":"Callenium GmbH. Bahnhofstrasse 15 in CH-8253 Diessenhofen. Kontakt: +41 52 657 59 14 |\u00a0info@callenium.ch. Be insured. Enjoy life.","robots":{"index":"noindex","follow":"follow","max-snippet":"max-snippet:-1","max-image-preview":"max-image-preview:large","max-video-preview":"max-video-preview:-1"},"og_locale":"es_ES","og_type":"article","og_title":"Impressum | Callenium GmbH","og_description":"Callenium GmbH. Bahnhofstrasse 15 in CH-8253 Diessenhofen. Kontakt: +41 52 657 59 14 |\u00a0info@callenium.ch. Be insured. Enjoy life.","og_url":"https:\/\/callenium.memacon.com\/es\/impressum\/","og_site_name":"Callenium","article_modified_time":"2025-08-14T12:10:08+00:00","og_image":[{"width":1600,"height":600,"url":"https:\/\/callenium.memacon.com\/wp-content\/uploads\/2023\/03\/callenium-home-slider-orange-04-farbe.webp","type":"image\/webp"}],"twitter_card":"summary_large_image","twitter_misc":{"Tiempo de lectura":"3 minutos"},"schema":{"@context":"https:\/\/schema.org","@graph":[{"@type":"WebPage","@id":"https:\/\/callenium.memacon.com\/es\/impressum\/","url":"https:\/\/callenium.memacon.com\/es\/impressum\/","name":"Impressum | Callenium GmbH","isPartOf":{"@id":"https:\/\/callenium.memacon.com\/es\/#website"},"datePublished":"2023-03-01T14:37:11+00:00","dateModified":"2025-08-14T12:10:08+00:00","description":"Callenium GmbH. Bahnhofstrasse 15 in CH-8253 Diessenhofen. Kontakt: +41 52 657 59 14 |\u00a0info@callenium.ch. Be insured. Enjoy life.","breadcrumb":{"@id":"https:\/\/callenium.memacon.com\/es\/impressum\/#breadcrumb"},"inLanguage":"es","potentialAction":[{"@type":"ReadAction","target":["https:\/\/callenium.memacon.com\/es\/impressum\/"]}]},{"@type":"BreadcrumbList","@id":"https:\/\/callenium.memacon.com\/es\/impressum\/#breadcrumb","itemListElement":[{"@type":"ListItem","position":1,"name":"Home","item":"https:\/\/callenium.memacon.com\/es\/"},{"@type":"ListItem","position":2,"name":"Impressum"}]},{"@type":"WebSite","@id":"https:\/\/callenium.memacon.com\/es\/#website","url":"https:\/\/callenium.memacon.com\/es\/","name":"Callenium","description":"Ihr neutraler Versicherungsberater","publisher":{"@id":"https:\/\/callenium.memacon.com\/es\/#organization"},"potentialAction":[{"@type":"SearchAction","target":{"@type":"EntryPoint","urlTemplate":"https:\/\/callenium.memacon.com\/es\/?s={search_term_string}"},"query-input":{"@type":"PropertyValueSpecification","valueRequired":true,"valueName":"search_term_string"}}],"inLanguage":"es"},{"@type":"Organization","@id":"https:\/\/callenium.memacon.com\/es\/#organization","name":"Callenium GmbH","url":"https:\/\/callenium.memacon.com\/es\/","logo":{"@type":"ImageObject","inLanguage":"es","@id":"https:\/\/callenium.memacon.com\/es\/#\/schema\/logo\/image\/","url":"https:\/\/callenium.memacon.com\/wp-content\/uploads\/2023\/01\/Callenium-Favicon-152.png","contentUrl":"https:\/\/callenium.memacon.com\/wp-content\/uploads\/2023\/01\/Callenium-Favicon-152.png","width":152,"height":152,"caption":"Callenium GmbH"},"image":{"@id":"https:\/\/callenium.memacon.com\/es\/#\/schema\/logo\/image\/"}}]}},"_links":{"self":[{"href":"https:\/\/callenium.memacon.com\/es\/wp-json\/wp\/v2\/pages\/1891","targetHints":{"allow":["GET"]}}],"collection":[{"href":"https:\/\/callenium.memacon.com\/es\/wp-json\/wp\/v2\/pages"}],"about":[{"href":"https:\/\/callenium.memacon.com\/es\/wp-json\/wp\/v2\/types\/page"}],"author":[{"embeddable":true,"href":"https:\/\/callenium.memacon.com\/es\/wp-json\/wp\/v2\/users\/2"}],"replies":[{"embeddable":true,"href":"https:\/\/callenium.memacon.com\/es\/wp-json\/wp\/v2\/comments?post=1891"}],"version-history":[{"count":4,"href":"https:\/\/callenium.memacon.com\/es\/wp-json\/wp\/v2\/pages\/1891\/revisions"}],"predecessor-version":[{"id":2444,"href":"https:\/\/callenium.memacon.com\/es\/wp-json\/wp\/v2\/pages\/1891\/revisions\/2444"}],"wp:attachment":[{"href":"https:\/\/callenium.memacon.com\/es\/wp-json\/wp\/v2\/media?parent=1891"}],"curies":[{"name":"wp","href":"https:\/\/api.w.org\/{rel}","templated":true}]}}