{"id":1886,"date":"2023-02-27T13:04:01","date_gmt":"2023-02-27T12:04:01","guid":{"rendered":"https:\/\/callenium.ch\/geschaeftskunden\/unfall-und-krankheit\/"},"modified":"2024-02-29T18:27:41","modified_gmt":"2024-02-29T17:27:41","slug":"accidentes-y-enfermedad","status":"publish","type":"page","link":"https:\/\/callenium.memacon.com\/es\/clientes-de-empresa\/accidentes-y-enfermedad\/","title":{"rendered":"Accidente y enfermedad"},"content":{"rendered":"[vc_row full_width=\u00bbstretch_row\u00bb content_placement=\u00bbmiddle\u00bb wpex_bg_overlay=\u00bbcustom\u00bb wpex_bg_overlay_color=\u00bb#e8e8e8&#8243;][vc_column][vc_column_text color=\u00bb#767579&#8243; font_size=\u00bb20px\u00bb]\n<h1><span style=\"color: #ec671c;\">Accidente<\/span> y enfermedad.<\/h1>\n[\/vc_column_text]<nav class=\"vcex-breadcrumbs vcex-breadcrumbs--custom-color\" style=\"color:#ec671c;--wpex-link-color:#767579;--wpex-hover-link-color:#ec671c;--vcex-breadcrumbs-sep-color:#ec671c;--wpex-hover-link-text-decoration:none;\" itemscope itemtype=\"http:\/\/schema.org\/BreadcrumbList\"><span class=\"trail-begin\" itemprop=\"itemListElement\" itemscope itemtype=\"http:\/\/schema.org\/ListItem\"><a itemprop=\"item\" href=\"https:\/\/callenium.memacon.com\/es\/\" rel=\"home\"><span itemprop=\"name\">Home<\/span><\/a><meta itemprop=\"position\" content=\"1\"><\/span><\/nav>[\/vc_column][\/vc_row][vc_row equal_height=\u00bbyes\u00bb css=\u00bb.vc_custom_1676312763637{margin-top: 60px !important;padding-top: 20px !important;padding-bottom: 20px !important;}\u00bb][vc_column width=\u00bb2\/3&#8243;]<div class=\"vcex-module vcex-icon-box vcex-icon-box-one wpex-relative wpex-flex wpex-text-left\"><div class=\"vcex-icon-box-symbol wpex-flex-shrink-0 wpex-mr-20\"><div class=\"vcex-icon-box-icon wpex-inline-flex wpex-items-center wpex-justify-center wpex-child-inherit-color wpex-text-center wpex-leading-none wpex-text-1 wpex-shadow-md wpex-p-15\" style=\"color:#ffffff;border-radius:var(--wpex-radius-blob-1);background:#ec671c;\"><span aria-hidden=\"true\" class=\"fas fa-hospital\"><\/span><\/div><\/div><div class=\"vcex-icon-box-text wpex-flex-grow\"><h1 class=\"vcex-icon-box-heading wpex-heading wpex-text-md wpex-mb-10\" style=\"color:#767579;font-size:24px;\">Protecci\u00f3n para los trabajadores y la empresa.<\/h1><div class=\"vcex-icon-box-content wpex-last-mb-0 wpex-clr\" style=\"font-size:16px;\"><p style=\"text-align: justify\">Los accidentes y las enfermedades forman parte del riesgo empresarial. Por muy cuidadosos, atentos y prudentes que sean los empleados en su trabajo diario, desgraciadamente no puedes influir en estos riesgos.<br \/>\nSi no quieres tener que lidiar con el riesgo de perder horas de trabajo, te asesoramos individualmente sobre las distintas opciones de seguro de accidentes de empresa y prestaciones diarias por enfermedad. As\u00ed tus empleados podr\u00e1n concentrarse en su recuperaci\u00f3n y t\u00fa en tu actividad principal.<\/p>\n<\/div><\/div><\/div>[\/vc_column][vc_column width=\u00bb1\/3&#8243; css=\u00bb.vc_custom_1676312749474{margin-left: 20px !important;border-left-width: 1px !important;padding-left: 30px !important;border-left-color: #d6d6d6 !important;border-left-style: solid !important;}\u00bb]<div class=\"vcex-heading vcex-module wpex-text-2xl wpex-font-normal wpex-m-auto wpex-max-w-100 vcex-heading-bottom-border-w-color wpex-block wpex-border-b-2 wpex-border-solid wpex-border-main\" style=\"color:#767579;border-bottom-color:#f2f2f2;\"><span class=\"vcex-heading-inner wpex-inline-block wpex-clr wpex-relative wpex-pb-5 wpex-border-b-2 wpex-border-solid wpex-border-accent\" style=\"border-color:#ec671c;\">Clientes de empresa<\/span><\/div><div class=\"vcex-spacing wpex-w-100 wpex-clear\" style=\"height:30px;\"><\/div><style>.vcex-navbar.vcex_6a04e30fe9af5 .vcex-navbar-link{text-decoration:none;}.vcex-navbar.vcex_6a04e30fe9af5 .vcex-navbar-link:hover{text-decoration:none;}.vcex-navbar.vcex_6a04e30fe9af5 .vcex-navbar-link:active,.vcex-navbar.vcex_6a04e30fe9af5 .vcex-navbar-link.active{text-decoration:none;}.vcex-navbar.vcex_6a04e30fe9af5 a.vcex-navbar-link{color:#767579;letter-spacing:1px;}.vcex-navbar.vcex_6a04e30fe9af5 a.vcex-navbar-link:hover,.vcex-navbar.vcex_6a04e30fe9af5 a.vcex-navbar-link.active{color:#ec671c;}.vcex-navbar.vcex_6a04e30fe9af5{font-size:14px;}<\/style><nav class=\"vcex-navbar vcex-navbar--expanded vcex-module vcex_6a04e30fe9af5\"><div class=\"vcex-navbar-inner wpex-clr\"><a href=\"https:\/\/callenium.memacon.com\/geschaeftskunden\/unfall-und-krankheit\/\" class=\"vcex-navbar-link vcex-navbar-link--1886 wpex-inline-block wpex-float-left wpex-mb-5 theme-txt-link expanded wpex-text-base\"><span class=\"vcex-navbar-link-text\">Accidente y enfermedad<\/span><\/a><a href=\"https:\/\/callenium.memacon.com\/geschaeftskunden\/berufliche-vorsorge\/\" class=\"vcex-navbar-link vcex-navbar-link--1855 wpex-inline-block wpex-float-left wpex-mb-5 theme-txt-link expanded wpex-text-base\"><span class=\"vcex-navbar-link-text\">Previsi\u00f3n profesional<\/span><\/a><a href=\"https:\/\/callenium.memacon.com\/geschaeftskunden\/sach-und-haftpflicht\/\" class=\"vcex-navbar-link vcex-navbar-link--1881 wpex-inline-block wpex-float-left wpex-mb-5 theme-txt-link expanded wpex-text-base\"><span class=\"vcex-navbar-link-text\">Propiedad y responsabilidad civil<\/span><\/a><a href=\"https:\/\/callenium.memacon.com\/geschaeftskunden\/cyberversicherung\/\" class=\"vcex-navbar-link vcex-navbar-link--1870 wpex-inline-block wpex-float-left wpex-mb-5 theme-txt-link expanded wpex-text-base\"><span class=\"vcex-navbar-link-text\">Ciberseguros<\/span><\/a><a href=\"https:\/\/callenium.memacon.com\/geschaeftskunden\/fahrzeuge-und-flotte\/\" class=\"vcex-navbar-link vcex-navbar-link--1876 wpex-inline-block wpex-float-left wpex-mb-5 theme-txt-link expanded wpex-text-base\"><span class=\"vcex-navbar-link-text\">Veh\u00edculos y flotas<\/span><\/a><\/div><\/nav>[\/vc_column][\/vc_row][vc_row full_width=\u00bbstretch_row\u00bb wpex_bg_overlay=\u00bbdark\u00bb remove_bottom_col_margin=\u00bbtrue\u00bb wpex_shape_divider_top=\u00bbtilt\u00bb css=\u00bb.vc_custom_1679913203382{padding-top: 50px !important;padding-bottom: 100px !important;background: #f4f4f4 url(https:\/\/callenium.memacon.com\/wp-content\/uploads\/2023\/02\/callenium-gescharftskunden-krankheit-und-unfall.webp?id=872) !important;background-position: center !important;background-repeat: no-repeat !important;background-size: cover !important;}\u00bb wpex_shape_divider_top_color=\u00bb#ffffff\u00bb wpex_shape_divider_top_height=\u00bb100&#8243; wpex_bg_overlay_opacity=\u00bb0.6&#8243;][vc_column]<div class=\"vcex-spacing wpex-w-100 wpex-clear\" style=\"height:100px;\"><\/div><div class=\"vcex-module vcex-icon-box vcex-icon-box-two wpex-relative wpex-text-center\"><div class=\"vcex-icon-box-symbol wpex-mb-20\"><img decoding=\"async\" loading=\"lazy\" class=\"vcex-icon-box-image wpex-align-middle\" style=\"width:50px;\" src=\"https:\/\/callenium.memacon.com\/wp-content\/uploads\/2023\/02\/Callenium_bullets_white-50x38.webp\" alt=\"\" srcset=\"https:\/\/callenium.memacon.com\/wp-content\/uploads\/2023\/02\/Callenium_bullets_white-50x38.webp 50w, https:\/\/callenium.memacon.com\/wp-content\/uploads\/2023\/02\/Callenium_bullets_white-50x38@2x.webp 100w, https:\/\/callenium.memacon.com\/wp-content\/uploads\/2023\/02\/Callenium_bullets_white.webp 200w, https:\/\/callenium.memacon.com\/wp-content\/uploads\/2023\/02\/Callenium_bullets_white-50x38@2x.webp 2x\" width=\"50\" height=\"38\"><\/div><div class=\"vcex-icon-box-text\"><h1 class=\"vcex-icon-box-heading wpex-heading wpex-text-md wpex-mb-10\" style=\"color:#ffffff;font-size:24px;margin-bottom:20px;\">\u00bfQuieres asesoramiento sin compromiso sobre el tema \"Accidente y enfermedad\"?<\/h1><div class=\"vcex-icon-box-content wpex-last-mb-0 wpex-clr\" style=\"color:#ffffff;font-size:16px;\"><p>Como empresa, obtienes todo lo que quieres y, sobre todo, necesitas en materia de seguros de una sola fuente experimentada. Callenium te asesora de forma individual, transparente e independiente y te ofrece soluciones que se adaptan a ti, a tu sector y a los riesgos individuales. Desde provisiones profesionales hasta seguros de responsabilidad civil y ciberseguros: d\u00e9janos asesorarte y saber que en el futuro tendr\u00e1s a tu lado a un socio que te ofrece un aut\u00e9ntico servicio, m\u00e1s que productos.<\/p>\n<\/div><\/div><\/div><div class=\"vcex-spacing wpex-w-100 wpex-clear\"><\/div><div class=\"theme-button-wrap textcenter theme-button-block-wrap wpex-block wpex-clear wpex-clr\"><a href=\"https:\/\/callenium.ch\/es\/contacto\/\" title=\"Contacto Callenium\" class=\"vcex-button theme-button align-center block  wpb_animate_when_almost_visible wpb_fadeInDown fadeInDown\" style=\"background:#ec671c;color:#ffffff;font-size:16px;\" data-wpex-hover='{&quot;background&quot;:&quot;#767579&quot;,&quot;color&quot;:&quot;#ffffff&quot;}'><span class=\"theme-button-inner\">Ponte en contacto con nosotros y d\u00e9janos asesorarte sin compromiso<span class=\"vcex-icon-wrap theme-button-icon-right\"><span class=\"ticon ticon-chevron-right\" aria-hidden=\"true\"><\/span><\/span><\/span><\/a><\/div> [\/vc_column][\/vc_row]\n","protected":false},"excerpt":{"rendered":"<p>[vc_row full_width=\u00bbstretch_row\u00bb content_placement=\u00bbmiddle\u00bb wpex_bg_overlay=\u00bbcustom\u00bb wpex_bg_overlay_color=\u00bb#e8e8e8&#8243;][vc_column][vc_column_text color=\u00bb#767579&#8243; font_size=\u00bb20px\u00bb] Accidente y enfermedad. [\/vc_column_text][\/vc_column][\/vc_row][vc_row equal_height=\u00bbyes\u00bb css=\u00bb.vc_custom_1676312763637{margin-top: 60px !important;padding-top: 20px !important;padding-bottom: 20px !important;}\u00bb][vc_column width=\u00bb2\/3&#8243;][\/vc_column][vc_column width=\u00bb1\/3&#8243; css=\u00bb.vc_custom_1676312749474{margin-left: 20px !important;border-left-width: 1px !important;padding-left: 30px !important;border-left-color: #d6d6d6 !important;border-left-style: solid !important;}\u00bb][\/vc_column][\/vc_row][vc_row full_width=\u00bbstretch_row\u00bb wpex_bg_overlay=\u00bbdark\u00bb remove_bottom_col_margin=\u00bbtrue\u00bb wpex_shape_divider_top=\u00bbtilt\u00bb css=\u00bb.vc_custom_1679913203382{padding-top: 50px !important;padding-bottom: 100px !important;background: #f4f4f4 url(https:\/\/callenium.memacon.com\/wp-content\/uploads\/2023\/02\/callenium-gescharftskunden-krankheit-und-unfall.webp?id=872) !important;background-position: center !important;background-repeat: no-repeat !important;background-size: cover !important;}\u00bb wpex_shape_divider_top_color=\u00bb#ffffff\u00bb wpex_shape_divider_top_height=\u00bb100&#8243; wpex_bg_overlay_opacity=\u00bb0.6&#8243;][vc_column][\/vc_column][\/vc_row]<\/p>\n","protected":false},"author":2,"featured_media":0,"parent":1850,"menu_order":0,"comment_status":"closed","ping_status":"closed","template":"","meta":{"footnotes":""},"class_list":["post-1886","page","type-page","status-publish","hentry","entry","no-media"],"yoast_head":"<!-- This site is optimized with the Yoast SEO plugin v26.2 - https:\/\/yoast.com\/wordpress\/plugins\/seo\/ -->\n<title>Accidente y enfermedad Clientes de empresa | Callenium<\/title>\n<meta name=\"description\" content=\"Das unternehmerische Risiko bei Unfall &amp; Krankheit abfedern und sich auf das Kerngesch\u00e4ft konzentrieren. Callenium sorgt genau daf\u00fcr.\" \/>\n<meta name=\"robots\" content=\"noindex, follow, max-snippet:-1, max-image-preview:large, max-video-preview:-1\" \/>\n<meta property=\"og:locale\" content=\"es_ES\" \/>\n<meta property=\"og:type\" content=\"article\" \/>\n<meta property=\"og:title\" content=\"Accidente y enfermedad Clientes de empresa | Callenium\" \/>\n<meta property=\"og:description\" content=\"Das unternehmerische Risiko bei Unfall &amp; Krankheit abfedern und sich auf das Kerngesch\u00e4ft konzentrieren. Callenium sorgt genau daf\u00fcr.\" \/>\n<meta property=\"og:url\" content=\"https:\/\/callenium.memacon.com\/es\/clientes-de-empresa\/accidentes-y-enfermedad\/\" \/>\n<meta property=\"og:site_name\" content=\"Callenium\" \/>\n<meta property=\"article:modified_time\" content=\"2024-02-29T17:27:41+00:00\" \/>\n<meta property=\"og:image\" content=\"https:\/\/callenium.memacon.com\/wp-content\/uploads\/2023\/03\/callenium-home-slider-orange-04-farbe.webp\" \/>\n\t<meta property=\"og:image:width\" content=\"1600\" \/>\n\t<meta property=\"og:image:height\" content=\"600\" \/>\n\t<meta property=\"og:image:type\" content=\"image\/webp\" \/>\n<meta name=\"twitter:card\" content=\"summary_large_image\" \/>\n<meta name=\"twitter:label1\" content=\"Tiempo de lectura\" \/>\n\t<meta name=\"twitter:data1\" content=\"2 minutos\" \/>\n<script type=\"application\/ld+json\" class=\"yoast-schema-graph\">{\"@context\":\"https:\/\/schema.org\",\"@graph\":[{\"@type\":\"WebPage\",\"@id\":\"https:\/\/callenium.memacon.com\/es\/clientes-de-empresa\/accidentes-y-enfermedad\/\",\"url\":\"https:\/\/callenium.memacon.com\/es\/clientes-de-empresa\/accidentes-y-enfermedad\/\",\"name\":\"Accidente y enfermedad Clientes de empresa | Callenium\",\"isPartOf\":{\"@id\":\"https:\/\/callenium.memacon.com\/es\/#website\"},\"datePublished\":\"2023-02-27T12:04:01+00:00\",\"dateModified\":\"2024-02-29T17:27:41+00:00\",\"description\":\"Das unternehmerische Risiko bei Unfall & Krankheit abfedern und sich auf das Kerngesch\u00e4ft konzentrieren. Callenium sorgt genau daf\u00fcr.\",\"breadcrumb\":{\"@id\":\"https:\/\/callenium.memacon.com\/es\/clientes-de-empresa\/accidentes-y-enfermedad\/#breadcrumb\"},\"inLanguage\":\"es\",\"potentialAction\":[{\"@type\":\"ReadAction\",\"target\":[\"https:\/\/callenium.memacon.com\/es\/clientes-de-empresa\/accidentes-y-enfermedad\/\"]}]},{\"@type\":\"BreadcrumbList\",\"@id\":\"https:\/\/callenium.memacon.com\/es\/clientes-de-empresa\/accidentes-y-enfermedad\/#breadcrumb\",\"itemListElement\":[{\"@type\":\"ListItem\",\"position\":1,\"name\":\"Home\",\"item\":\"https:\/\/callenium.memacon.com\/es\/\"},{\"@type\":\"ListItem\",\"position\":2,\"name\":\"Clientes de empresa\",\"item\":\"https:\/\/callenium.memacon.com\/es\/clientes-de-empresa\/\"},{\"@type\":\"ListItem\",\"position\":3,\"name\":\"Accidente y enfermedad\"}]},{\"@type\":\"WebSite\",\"@id\":\"https:\/\/callenium.memacon.com\/es\/#website\",\"url\":\"https:\/\/callenium.memacon.com\/es\/\",\"name\":\"Callenium\",\"description\":\"Ihr neutraler Versicherungsberater\",\"publisher\":{\"@id\":\"https:\/\/callenium.memacon.com\/es\/#organization\"},\"potentialAction\":[{\"@type\":\"SearchAction\",\"target\":{\"@type\":\"EntryPoint\",\"urlTemplate\":\"https:\/\/callenium.memacon.com\/es\/?s={search_term_string}\"},\"query-input\":{\"@type\":\"PropertyValueSpecification\",\"valueRequired\":true,\"valueName\":\"search_term_string\"}}],\"inLanguage\":\"es\"},{\"@type\":\"Organization\",\"@id\":\"https:\/\/callenium.memacon.com\/es\/#organization\",\"name\":\"Callenium GmbH\",\"url\":\"https:\/\/callenium.memacon.com\/es\/\",\"logo\":{\"@type\":\"ImageObject\",\"inLanguage\":\"es\",\"@id\":\"https:\/\/callenium.memacon.com\/es\/#\/schema\/logo\/image\/\",\"url\":\"https:\/\/callenium.memacon.com\/wp-content\/uploads\/2023\/01\/Callenium-Favicon-152.png\",\"contentUrl\":\"https:\/\/callenium.memacon.com\/wp-content\/uploads\/2023\/01\/Callenium-Favicon-152.png\",\"width\":152,\"height\":152,\"caption\":\"Callenium GmbH\"},\"image\":{\"@id\":\"https:\/\/callenium.memacon.com\/es\/#\/schema\/logo\/image\/\"}}]}<\/script>\n<!-- \/ Yoast SEO plugin. -->","yoast_head_json":{"title":"Accidente y enfermedad Clientes de empresa | Callenium","description":"Das unternehmerische Risiko bei Unfall & Krankheit abfedern und sich auf das Kerngesch\u00e4ft konzentrieren. Callenium sorgt genau daf\u00fcr.","robots":{"index":"noindex","follow":"follow","max-snippet":"max-snippet:-1","max-image-preview":"max-image-preview:large","max-video-preview":"max-video-preview:-1"},"og_locale":"es_ES","og_type":"article","og_title":"Accidente y enfermedad Clientes de empresa | Callenium","og_description":"Das unternehmerische Risiko bei Unfall & Krankheit abfedern und sich auf das Kerngesch\u00e4ft konzentrieren. Callenium sorgt genau daf\u00fcr.","og_url":"https:\/\/callenium.memacon.com\/es\/clientes-de-empresa\/accidentes-y-enfermedad\/","og_site_name":"Callenium","article_modified_time":"2024-02-29T17:27:41+00:00","og_image":[{"width":1600,"height":600,"url":"https:\/\/callenium.memacon.com\/wp-content\/uploads\/2023\/03\/callenium-home-slider-orange-04-farbe.webp","type":"image\/webp"}],"twitter_card":"summary_large_image","twitter_misc":{"Tiempo de lectura":"2 minutos"},"schema":{"@context":"https:\/\/schema.org","@graph":[{"@type":"WebPage","@id":"https:\/\/callenium.memacon.com\/es\/clientes-de-empresa\/accidentes-y-enfermedad\/","url":"https:\/\/callenium.memacon.com\/es\/clientes-de-empresa\/accidentes-y-enfermedad\/","name":"Accidente y enfermedad Clientes de empresa | Callenium","isPartOf":{"@id":"https:\/\/callenium.memacon.com\/es\/#website"},"datePublished":"2023-02-27T12:04:01+00:00","dateModified":"2024-02-29T17:27:41+00:00","description":"Das unternehmerische Risiko bei Unfall & Krankheit abfedern und sich auf das Kerngesch\u00e4ft konzentrieren. Callenium sorgt genau daf\u00fcr.","breadcrumb":{"@id":"https:\/\/callenium.memacon.com\/es\/clientes-de-empresa\/accidentes-y-enfermedad\/#breadcrumb"},"inLanguage":"es","potentialAction":[{"@type":"ReadAction","target":["https:\/\/callenium.memacon.com\/es\/clientes-de-empresa\/accidentes-y-enfermedad\/"]}]},{"@type":"BreadcrumbList","@id":"https:\/\/callenium.memacon.com\/es\/clientes-de-empresa\/accidentes-y-enfermedad\/#breadcrumb","itemListElement":[{"@type":"ListItem","position":1,"name":"Home","item":"https:\/\/callenium.memacon.com\/es\/"},{"@type":"ListItem","position":2,"name":"Clientes de empresa","item":"https:\/\/callenium.memacon.com\/es\/clientes-de-empresa\/"},{"@type":"ListItem","position":3,"name":"Accidente y enfermedad"}]},{"@type":"WebSite","@id":"https:\/\/callenium.memacon.com\/es\/#website","url":"https:\/\/callenium.memacon.com\/es\/","name":"Callenium","description":"Ihr neutraler Versicherungsberater","publisher":{"@id":"https:\/\/callenium.memacon.com\/es\/#organization"},"potentialAction":[{"@type":"SearchAction","target":{"@type":"EntryPoint","urlTemplate":"https:\/\/callenium.memacon.com\/es\/?s={search_term_string}"},"query-input":{"@type":"PropertyValueSpecification","valueRequired":true,"valueName":"search_term_string"}}],"inLanguage":"es"},{"@type":"Organization","@id":"https:\/\/callenium.memacon.com\/es\/#organization","name":"Callenium GmbH","url":"https:\/\/callenium.memacon.com\/es\/","logo":{"@type":"ImageObject","inLanguage":"es","@id":"https:\/\/callenium.memacon.com\/es\/#\/schema\/logo\/image\/","url":"https:\/\/callenium.memacon.com\/wp-content\/uploads\/2023\/01\/Callenium-Favicon-152.png","contentUrl":"https:\/\/callenium.memacon.com\/wp-content\/uploads\/2023\/01\/Callenium-Favicon-152.png","width":152,"height":152,"caption":"Callenium GmbH"},"image":{"@id":"https:\/\/callenium.memacon.com\/es\/#\/schema\/logo\/image\/"}}]}},"_links":{"self":[{"href":"https:\/\/callenium.memacon.com\/es\/wp-json\/wp\/v2\/pages\/1886","targetHints":{"allow":["GET"]}}],"collection":[{"href":"https:\/\/callenium.memacon.com\/es\/wp-json\/wp\/v2\/pages"}],"about":[{"href":"https:\/\/callenium.memacon.com\/es\/wp-json\/wp\/v2\/types\/page"}],"author":[{"embeddable":true,"href":"https:\/\/callenium.memacon.com\/es\/wp-json\/wp\/v2\/users\/2"}],"replies":[{"embeddable":true,"href":"https:\/\/callenium.memacon.com\/es\/wp-json\/wp\/v2\/comments?post=1886"}],"version-history":[{"count":2,"href":"https:\/\/callenium.memacon.com\/es\/wp-json\/wp\/v2\/pages\/1886\/revisions"}],"predecessor-version":[{"id":2189,"href":"https:\/\/callenium.memacon.com\/es\/wp-json\/wp\/v2\/pages\/1886\/revisions\/2189"}],"up":[{"embeddable":true,"href":"https:\/\/callenium.memacon.com\/es\/wp-json\/wp\/v2\/pages\/1850"}],"wp:attachment":[{"href":"https:\/\/callenium.memacon.com\/es\/wp-json\/wp\/v2\/media?parent=1886"}],"curies":[{"name":"wp","href":"https:\/\/api.w.org\/{rel}","templated":true}]}}