{"id":1888,"date":"2023-03-01T15:37:11","date_gmt":"2023-03-01T14:37:11","guid":{"rendered":"https:\/\/callenium.ch\/impressum\/"},"modified":"2025-08-14T14:10:26","modified_gmt":"2025-08-14T12:10:26","slug":"legal-notice","status":"publish","type":"page","link":"https:\/\/callenium.memacon.com\/en\/legal-notice\/","title":{"rendered":"Legal Notice"},"content":{"rendered":"[vc_row full_width=&#8221;stretch_row&#8221; content_placement=&#8221;middle&#8221; wpex_bg_overlay=&#8221;custom&#8221; wpex_bg_overlay_color=&#8221;#e8e8e8&#8243;][vc_column][vc_column_text color=&#8221;#767579&#8243; font_size=&#8221;20px&#8221;]\n<h1><span style=\"color: #ec671c;\">Legal<\/span> Notice.<\/h1>\n[\/vc_column_text]<nav class=\"vcex-breadcrumbs vcex-breadcrumbs--custom-color\" style=\"color:#ec671c;--wpex-link-color:#767579;--wpex-hover-link-color:#ec671c;--vcex-breadcrumbs-sep-color:#ec671c;--wpex-hover-link-text-decoration:none;\" itemscope itemtype=\"http:\/\/schema.org\/BreadcrumbList\"><span class=\"trail-begin\" itemprop=\"itemListElement\" itemscope itemtype=\"http:\/\/schema.org\/ListItem\"><a itemprop=\"item\" href=\"https:\/\/callenium.memacon.com\/en\/\" rel=\"home\"><span itemprop=\"name\">Home<\/span><\/a><meta itemprop=\"position\" content=\"1\"><\/span><\/nav>[\/vc_column][\/vc_row][vc_row equal_height=&#8221;yes&#8221; css=&#8221;.vc_custom_1676312763637{margin-top: 60px !important;padding-top: 20px !important;padding-bottom: 20px !important;}&#8221;][vc_column]<div class=\"vcex-module vcex-icon-box vcex-icon-box-one wpex-relative wpex-flex wpex-text-left\"><div class=\"vcex-icon-box-symbol wpex-flex-shrink-0 wpex-mr-20\"><img decoding=\"async\" loading=\"lazy\" class=\"vcex-icon-box-image wpex-align-middle\" style=\"width:30px;\" src=\"https:\/\/callenium.memacon.com\/wp-content\/uploads\/2023\/02\/Callenium_bullets-30x23.webp\" alt=\"\" srcset=\"https:\/\/callenium.memacon.com\/wp-content\/uploads\/2023\/02\/Callenium_bullets-30x23.webp 30w, https:\/\/callenium.memacon.com\/wp-content\/uploads\/2023\/02\/Callenium_bullets-50x38.webp 50w, https:\/\/callenium.memacon.com\/wp-content\/uploads\/2023\/02\/Callenium_bullets-50x38@2x.webp 100w, https:\/\/callenium.memacon.com\/wp-content\/uploads\/2023\/02\/Callenium_bullets-20x15.webp 20w, https:\/\/callenium.memacon.com\/wp-content\/uploads\/2023\/02\/Callenium_bullets-20x15@2x.webp 40w, https:\/\/callenium.memacon.com\/wp-content\/uploads\/2023\/02\/Callenium_bullets-30x23@2x.webp 60w, https:\/\/callenium.memacon.com\/wp-content\/uploads\/2023\/02\/Callenium_bullets.webp 200w, https:\/\/callenium.memacon.com\/wp-content\/uploads\/2023\/02\/Callenium_bullets-30x23@2x.webp 2x\" width=\"30\" height=\"23\"><\/div><div class=\"vcex-icon-box-text wpex-flex-grow\"><h1 class=\"vcex-icon-box-heading wpex-heading wpex-text-md wpex-mb-10\" style=\"color:#767579;font-size:24px;\">Callenium GmbH<\/h1><div class=\"vcex-icon-box-content wpex-last-mb-0 wpex-clr\" style=\"font-size:16px;\"><p>Bahnhofstrasse 15<br \/>\nCH-8253 Diessenhofen<br \/>\n+41 52 657 59 14<br \/>\n<a href=\"mailto:info@callenium.ch\">info@callenium.ch<\/a><\/p>\n<\/div><\/div><\/div><div class=\"vcex-spacing wpex-w-100 wpex-clear\" style=\"height:30px;\"><\/div><div class=\"vcex-module vcex-icon-box vcex-icon-box-one wpex-relative wpex-flex wpex-text-left\"><div class=\"vcex-icon-box-symbol wpex-flex-shrink-0 wpex-mr-20\" style=\"width:30px;\"><div class=\"vcex-icon-box-icon wpex-inline-flex wpex-items-center wpex-justify-center wpex-child-inherit-color wpex-text-center wpex-leading-none wpex-w-100 wpex-text-1 wpex-shadow-none\" style=\"color:#ec671c;\"><span class=\"ticon ticon-angle-double-right\" aria-hidden=\"true\"><\/span><\/div><\/div><div class=\"vcex-icon-box-text wpex-flex-grow\"><h1 class=\"vcex-icon-box-heading wpex-heading wpex-text-md wpex-mb-10\" style=\"color:#767579;font-size:24px;\">Management<\/h1><div class=\"vcex-icon-box-content wpex-last-mb-0 wpex-clr\" style=\"font-size:16px;\"><p>Tania Rivetti<\/p>\n<\/div><\/div><\/div><div class=\"vcex-spacing wpex-w-100 wpex-clear\" style=\"height:30px;\"><\/div><div class=\"vcex-module vcex-icon-box vcex-icon-box-one wpex-relative wpex-flex wpex-text-left\"><div class=\"vcex-icon-box-symbol wpex-flex-shrink-0 wpex-mr-20\" style=\"width:30px;\"><div class=\"vcex-icon-box-icon wpex-inline-flex wpex-items-center wpex-justify-center wpex-child-inherit-color wpex-text-center wpex-leading-none wpex-w-100 wpex-text-1 wpex-shadow-none\" style=\"color:#ec671c;\"><span class=\"ticon ticon-angle-double-right\" aria-hidden=\"true\"><\/span><\/div><\/div><div class=\"vcex-icon-box-text wpex-flex-grow\"><h1 class=\"vcex-icon-box-heading wpex-heading wpex-text-md wpex-mb-10\" style=\"color:#767579;font-size:24px;\">Disclaimer<\/h1><div class=\"vcex-icon-box-content wpex-last-mb-0 wpex-clr\" style=\"font-size:16px;\"><p style=\"text-align: justify\">The author assumes no liability for the correctness, accuracy, timeliness, reliability, and completeness of the information. Claims for damages of a material or immaterial nature arising from access or use or non-use of the published information, from misuse of the connection, or from technical malfunctions are excluded. All offers are non-binding. The author expressly reserves the right to change, supplement, delete, or temporarily or permanently discontinue parts of the pages or the entire offer without separate notice.<\/p>\n<\/div><\/div><\/div><div class=\"vcex-spacing wpex-w-100 wpex-clear\" style=\"height:30px;\"><\/div><div class=\"vcex-module vcex-icon-box vcex-icon-box-one wpex-relative wpex-flex wpex-text-left\"><div class=\"vcex-icon-box-symbol wpex-flex-shrink-0 wpex-mr-20\" style=\"width:30px;\"><div class=\"vcex-icon-box-icon wpex-inline-flex wpex-items-center wpex-justify-center wpex-child-inherit-color wpex-text-center wpex-leading-none wpex-w-100 wpex-text-1 wpex-shadow-none\" style=\"color:#ec671c;\"><span class=\"ticon ticon-angle-double-right\" aria-hidden=\"true\"><\/span><\/div><\/div><div class=\"vcex-icon-box-text wpex-flex-grow\"><h1 class=\"vcex-icon-box-heading wpex-heading wpex-text-md wpex-mb-10\" style=\"color:#767579;font-size:24px;\">Liability for Third-Party Links<\/h1><div class=\"vcex-icon-box-content wpex-last-mb-0 wpex-clr\" style=\"font-size:16px;\"><p style=\"text-align: justify\">Our website may contain references and links to websites of other providers. References and links to third-party websites are outside our area of responsibility. We have no influence on the content of third-party websites. The respective provider or operator of the site is solely responsible for the content of the respective websites. Any responsibility for third-party websites is declined. Access and use of such websites are at the visitor&#8217;s own risk. For this reason, we assume no liability or guarantee for these external contents. At the time of inserting a reference and\/or link, the corresponding pages were checked for legal violations. At that time, no illegal content was found. For technical reasons, it is impossible to regularly check all linked pages for legal violations without concrete indications of a violation. As soon as we become aware of any legal violations, we will promptly remove the corresponding link.<\/p>\n<\/div><\/div><\/div><div class=\"vcex-spacing wpex-w-100 wpex-clear\" style=\"height:30px;\"><\/div><div class=\"vcex-module vcex-icon-box vcex-icon-box-one wpex-relative wpex-flex wpex-text-left\"><div class=\"vcex-icon-box-symbol wpex-flex-shrink-0 wpex-mr-20\" style=\"width:30px;\"><div class=\"vcex-icon-box-icon wpex-inline-flex wpex-items-center wpex-justify-center wpex-child-inherit-color wpex-text-center wpex-leading-none wpex-w-100 wpex-text-1 wpex-shadow-none\" style=\"color:#ec671c;\"><span class=\"ticon ticon-angle-double-right\" aria-hidden=\"true\"><\/span><\/div><\/div><div class=\"vcex-icon-box-text wpex-flex-grow\"><h1 class=\"vcex-icon-box-heading wpex-heading wpex-text-md wpex-mb-10\" style=\"color:#767579;font-size:24px;\">Copyright<\/h1><div class=\"vcex-icon-box-content wpex-last-mb-0 wpex-clr\" style=\"font-size:16px;\"><p style=\"text-align: justify\">Copyright<br \/>\nThe copyrights and all other rights to content, images, photos, or other files on the website belong exclusively to Callenium GmbH or the specifically named rights holders. Reproduction, modification, distribution, and any form of exploitation beyond the limits of copyright require the written consent of the copyright holder. Written consent must be obtained in advance.<\/p>\n<p>Images and graphics were partially acquired for the purpose of this website via<\/p>\n<ul>\n<li>Envato Elements<\/li>\n<li>Unsplash.com<\/li>\n<\/ul>\n<\/div><\/div><\/div>[\/vc_column][\/vc_row][vc_row full_width=&#8221;stretch_row&#8221; disable_element=&#8221;yes&#8221; wpex_bg_overlay=&#8221;dark&#8221; remove_bottom_col_margin=&#8221;true&#8221; wpex_shape_divider_top=&#8221;tilt&#8221; css=&#8221;.vc_custom_1677681251796{padding-top: 50px !important;padding-bottom: 100px !important;background: #f4f4f4 url(https:\/\/callenium.memacon.com\/wp-content\/uploads\/2023\/02\/callenium-privatkunden-rechtsschutz.webp?id=709) !important;}&#8221; wpex_shape_divider_top_color=&#8221;#ffffff&#8221; wpex_shape_divider_top_height=&#8221;100&#8243; wpex_bg_overlay_opacity=&#8221;0.6&#8243;][vc_column]<div class=\"vcex-spacing wpex-w-100 wpex-clear\" style=\"height:100px;\"><\/div><div class=\"vcex-module vcex-icon-box vcex-icon-box-two wpex-relative wpex-text-center\"><div class=\"vcex-icon-box-symbol wpex-mb-20\"><img decoding=\"async\" loading=\"lazy\" class=\"vcex-icon-box-image wpex-align-middle\" style=\"width:50px;\" src=\"https:\/\/callenium.memacon.com\/wp-content\/uploads\/2023\/02\/Callenium_bullets_white-50x38.webp\" alt=\"\" srcset=\"https:\/\/callenium.memacon.com\/wp-content\/uploads\/2023\/02\/Callenium_bullets_white-50x38.webp 50w, https:\/\/callenium.memacon.com\/wp-content\/uploads\/2023\/02\/Callenium_bullets_white-50x38@2x.webp 100w, https:\/\/callenium.memacon.com\/wp-content\/uploads\/2023\/02\/Callenium_bullets_white.webp 200w, https:\/\/callenium.memacon.com\/wp-content\/uploads\/2023\/02\/Callenium_bullets_white-50x38@2x.webp 2x\" width=\"50\" height=\"38\"><\/div><div class=\"vcex-icon-box-text\"><h1 class=\"vcex-icon-box-heading wpex-heading wpex-text-md wpex-mb-10\" style=\"color:#ffffff;font-size:24px;margin-bottom:20px;\">Unverbindliche Beratung zum Thema \"Rechtsschutz\" gew\u00fcnscht?<\/h1><div class=\"vcex-icon-box-content wpex-last-mb-0 wpex-clr\" style=\"color:#ffffff;font-size:16px;\"><p>Erhalten Sie als Privatperson alles, was Sie an Versicherung w\u00fcnschen und brauchen aus einer erfahrenen Hand. Callenium ber\u00e4t Sie individuell, transparent und unabh\u00e4ngig und bietet L\u00f6sungen an, die zu Ihnen und Ihrer Lebenssituation passen. Von der Krankenversicherung, \u00fcber die Privathaftpflicht bis zur Finanzplanung \u2013 lassen Sie sich beraten und wissen in Zukunft einen Partner an Ihrer Seite, der keine Produkte sondern echten Service anbietet.<\/p>\n<\/div><\/div><\/div><div class=\"vcex-spacing wpex-w-100 wpex-clear\"><\/div><div class=\"theme-button-wrap textcenter theme-button-block-wrap wpex-block wpex-clear wpex-clr\"><a href=\"https:\/\/project779.mediaconsulting-testserver.ch\/kontakt\/\" title=\"Kontakt Callenium\" class=\"vcex-button theme-button align-center block  wpb_animate_when_almost_visible wpb_fadeInDown fadeInDown\" style=\"background:#ec671c;color:#ffffff;font-size:16px;\" data-wpex-hover='{&quot;background&quot;:&quot;#767579&quot;,&quot;color&quot;:&quot;#ffffff&quot;}'><span class=\"theme-button-inner\">Nehmen Sie Kontakt auf und lassen sich unverbindlich beraten<span class=\"vcex-icon-wrap theme-button-icon-right\"><span class=\"ticon ticon-chevron-right\" aria-hidden=\"true\"><\/span><\/span><\/span><\/a><\/div> [\/vc_column][\/vc_row][vc_row][vc_column]<div class=\"templatera_shortcode\"><style type=\"text\/css\" data-type=\"vc_shortcodes-custom-css\">.vc_custom_1714953177528{padding-top: 150px !important;padding-bottom: 110px !important;background-image: url(https:\/\/callenium.memacon.com\/wp-content\/uploads\/2023\/01\/home-callenium-facts.webp?id=593) !important;background-position: center;background-repeat: no-repeat !important;background-size: cover !important;}<\/style><p>[vc_row full_width=\"stretch_row\" parallax=\"content-moving\" parallax_image=\"425\" parallax_speed_bg=\"3.0\" wpex_bg_overlay=\"dotted\" css=\".vc_custom_1714953177528{padding-top: 150px !important;padding-bottom: 110px !important;background-image: url(https:\/\/callenium.memacon.com\/wp-content\/uploads\/2023\/01\/home-callenium-facts.webp?id=593) !important;background-position: center;background-repeat: no-repeat !important;background-size: cover !important;}\" wpex_bg_overlay_opacity=\"0.55\" wpex_bg_overlay_color=\"#000000\"][vc_column width=\"1\/4\"]<div class=\"vcex-milestone vcex-module wpex-text-4 wpex-clr wpex-text-center\"><div class=\"vcex-milestone-inner wpex-inline-block\"><div class=\"vcex-milestone-desc\"><div class=\"vcex-milestone-number wpex-leading-none wpex-font-semibold\" style=\"color:#ec671c;font-size:60px;font-family:Montserrat;\"><span class=\"vcex-milestone-before\">+<\/span><span class=\"vcex-milestone-time vcex-countup\" data-options=\"{&quot;startVal&quot;:0,&quot;endVal&quot;:20,&quot;duration&quot;:2.5,&quot;decimals&quot;:0,&quot;separator&quot;:&quot;,&quot;,&quot;decimal&quot;:&quot;.&quot;,&quot;animateOnScroll&quot;:true}\">0<\/span><\/div><div class=\"vcex-milestone-caption wpex-mt-5\" style=\"color:#ffffff;font-size:18px;font-weight:600;\">years of experience<\/div><\/div><\/div><\/div>[\/vc_column][vc_column width=\"1\/4\"]<div class=\"vcex-milestone vcex-module wpex-text-4 wpex-clr wpex-text-center\"><div class=\"vcex-milestone-inner wpex-inline-block\"><div class=\"vcex-milestone-desc\"><div class=\"vcex-milestone-number wpex-leading-none wpex-font-semibold\" style=\"color:#ec671c;font-size:60px;font-family:Montserrat;\"><span class=\"vcex-milestone-time vcex-countup\" data-options=\"{&quot;startVal&quot;:0,&quot;endVal&quot;:6,&quot;duration&quot;:2.5,&quot;decimals&quot;:0,&quot;separator&quot;:&quot;,&quot;,&quot;decimal&quot;:&quot;.&quot;,&quot;animateOnScroll&quot;:true}\">0<\/span><\/div><div class=\"vcex-milestone-caption wpex-mt-5\" style=\"color:#ffffff;font-size:18px;font-weight:600;\">locations<\/div><\/div><\/div><\/div>[\/vc_column][vc_column width=\"1\/4\"]<div class=\"vcex-milestone vcex-module wpex-text-4 wpex-clr wpex-text-center\"><div class=\"vcex-milestone-inner wpex-inline-block\"><div class=\"vcex-milestone-desc\"><div class=\"vcex-milestone-number wpex-leading-none wpex-font-semibold\" style=\"color:#ec671c;font-size:60px;font-family:Montserrat;\"><span class=\"vcex-milestone-before\">+<\/span><span class=\"vcex-milestone-time vcex-countup\" data-options=\"{&quot;startVal&quot;:0,&quot;endVal&quot;:140,&quot;duration&quot;:2.5,&quot;decimals&quot;:0,&quot;separator&quot;:&quot;,&quot;,&quot;decimal&quot;:&quot;.&quot;,&quot;animateOnScroll&quot;:true}\">0<\/span><\/div><div class=\"vcex-milestone-caption wpex-mt-5\" style=\"color:#ffffff;font-size:18px;font-weight:600;\">employees<\/div><\/div><\/div><\/div>[\/vc_column][vc_column width=\"1\/4\"]<div class=\"vcex-milestone vcex-module wpex-text-4 wpex-clr wpex-text-center\"><div class=\"vcex-milestone-inner wpex-inline-block\"><div class=\"vcex-milestone-desc\"><div class=\"vcex-milestone-number wpex-leading-none wpex-font-semibold\" style=\"color:#ec671c;font-size:60px;font-family:Montserrat;\"><span class=\"vcex-milestone-time vcex-countup\" data-options=\"{&quot;startVal&quot;:0,&quot;endVal&quot;:100,&quot;duration&quot;:2.5,&quot;decimals&quot;:0,&quot;separator&quot;:&quot;,&quot;,&quot;decimal&quot;:&quot;.&quot;,&quot;animateOnScroll&quot;:true}\">0<\/span><span class=\"vcex-milestone-after\">%<\/span><\/div><div class=\"vcex-milestone-caption wpex-mt-5\" style=\"color:#ffffff;font-size:18px;font-weight:600;\">neutral<\/div><\/div><\/div><\/div>[\/vc_column][\/vc_row]<\/p>\r\n<\/div>[\/vc_column][\/vc_row]\n","protected":false},"excerpt":{"rendered":"<p>[vc_row full_width=&#8221;stretch_row&#8221; content_placement=&#8221;middle&#8221; wpex_bg_overlay=&#8221;custom&#8221; wpex_bg_overlay_color=&#8221;#e8e8e8&#8243;][vc_column][vc_column_text color=&#8221;#767579&#8243; font_size=&#8221;20px&#8221;] Legal Notice. [\/vc_column_text][\/vc_column][\/vc_row][vc_row equal_height=&#8221;yes&#8221; css=&#8221;.vc_custom_1676312763637{margin-top: 60px !important;padding-top: 20px !important;padding-bottom: 20px !important;}&#8221;][vc_column][\/vc_column][\/vc_row][vc_row full_width=&#8221;stretch_row&#8221; disable_element=&#8221;yes&#8221; wpex_bg_overlay=&#8221;dark&#8221; remove_bottom_col_margin=&#8221;true&#8221; wpex_shape_divider_top=&#8221;tilt&#8221; css=&#8221;.vc_custom_1677681251796{padding-top: 50px !important;padding-bottom: 100px !important;background: #f4f4f4 url(https:\/\/callenium.memacon.com\/wp-content\/uploads\/2023\/02\/callenium-privatkunden-rechtsschutz.webp?id=709) !important;}&#8221; wpex_shape_divider_top_color=&#8221;#ffffff&#8221; wpex_shape_divider_top_height=&#8221;100&#8243; wpex_bg_overlay_opacity=&#8221;0.6&#8243;][vc_column][\/vc_column][\/vc_row][vc_row][vc_column][\/vc_column][\/vc_row]<\/p>\n","protected":false},"author":2,"featured_media":0,"parent":0,"menu_order":0,"comment_status":"closed","ping_status":"closed","template":"","meta":{"footnotes":""},"class_list":["post-1888","page","type-page","status-publish","hentry","entry","no-media"],"yoast_head":"<!-- This site is optimized with the Yoast SEO plugin v26.2 - https:\/\/yoast.com\/wordpress\/plugins\/seo\/ -->\n<title>Legal Notice | Callenium GmbH<\/title>\n<meta name=\"description\" content=\"Callenium GmbH. Bahnhofstrasse 15 in CH-8253 Diessenhofen. Kontakt: +41 52 657 59 14 |\u00a0info@callenium.ch. Be insured. Enjoy life.\" \/>\n<meta name=\"robots\" content=\"noindex, follow, max-snippet:-1, max-image-preview:large, max-video-preview:-1\" \/>\n<meta property=\"og:locale\" content=\"en_US\" \/>\n<meta property=\"og:type\" content=\"article\" \/>\n<meta property=\"og:title\" content=\"Legal Notice | Callenium GmbH\" \/>\n<meta property=\"og:description\" content=\"Callenium GmbH. Bahnhofstrasse 15 in CH-8253 Diessenhofen. Kontakt: +41 52 657 59 14 |\u00a0info@callenium.ch. Be insured. Enjoy life.\" \/>\n<meta property=\"og:url\" content=\"https:\/\/callenium.memacon.com\/en\/legal-notice\/\" \/>\n<meta property=\"og:site_name\" content=\"Callenium\" \/>\n<meta property=\"article:modified_time\" content=\"2025-08-14T12:10:26+00:00\" \/>\n<meta property=\"og:image\" content=\"https:\/\/callenium.memacon.com\/wp-content\/uploads\/2023\/03\/callenium-home-slider-orange-04-farbe.webp\" \/>\n\t<meta property=\"og:image:width\" content=\"1600\" \/>\n\t<meta property=\"og:image:height\" content=\"600\" \/>\n\t<meta property=\"og:image:type\" content=\"image\/webp\" \/>\n<meta name=\"twitter:card\" content=\"summary_large_image\" \/>\n<meta name=\"twitter:label1\" content=\"Est. reading time\" \/>\n\t<meta name=\"twitter:data1\" content=\"4 minutes\" \/>\n<script type=\"application\/ld+json\" class=\"yoast-schema-graph\">{\"@context\":\"https:\/\/schema.org\",\"@graph\":[{\"@type\":\"WebPage\",\"@id\":\"https:\/\/callenium.memacon.com\/en\/legal-notice\/\",\"url\":\"https:\/\/callenium.memacon.com\/en\/legal-notice\/\",\"name\":\"Legal Notice | Callenium GmbH\",\"isPartOf\":{\"@id\":\"https:\/\/callenium.memacon.com\/en\/#website\"},\"datePublished\":\"2023-03-01T14:37:11+00:00\",\"dateModified\":\"2025-08-14T12:10:26+00:00\",\"description\":\"Callenium GmbH. Bahnhofstrasse 15 in CH-8253 Diessenhofen. Kontakt: +41 52 657 59 14 |\u00a0info@callenium.ch. Be insured. Enjoy life.\",\"breadcrumb\":{\"@id\":\"https:\/\/callenium.memacon.com\/en\/legal-notice\/#breadcrumb\"},\"inLanguage\":\"en-US\",\"potentialAction\":[{\"@type\":\"ReadAction\",\"target\":[\"https:\/\/callenium.memacon.com\/en\/legal-notice\/\"]}]},{\"@type\":\"BreadcrumbList\",\"@id\":\"https:\/\/callenium.memacon.com\/en\/legal-notice\/#breadcrumb\",\"itemListElement\":[{\"@type\":\"ListItem\",\"position\":1,\"name\":\"Home\",\"item\":\"https:\/\/callenium.memacon.com\/en\/\"},{\"@type\":\"ListItem\",\"position\":2,\"name\":\"Legal Notice\"}]},{\"@type\":\"WebSite\",\"@id\":\"https:\/\/callenium.memacon.com\/en\/#website\",\"url\":\"https:\/\/callenium.memacon.com\/en\/\",\"name\":\"Callenium\",\"description\":\"Ihr neutraler Versicherungsberater\",\"publisher\":{\"@id\":\"https:\/\/callenium.memacon.com\/en\/#organization\"},\"potentialAction\":[{\"@type\":\"SearchAction\",\"target\":{\"@type\":\"EntryPoint\",\"urlTemplate\":\"https:\/\/callenium.memacon.com\/en\/?s={search_term_string}\"},\"query-input\":{\"@type\":\"PropertyValueSpecification\",\"valueRequired\":true,\"valueName\":\"search_term_string\"}}],\"inLanguage\":\"en-US\"},{\"@type\":\"Organization\",\"@id\":\"https:\/\/callenium.memacon.com\/en\/#organization\",\"name\":\"Callenium GmbH\",\"url\":\"https:\/\/callenium.memacon.com\/en\/\",\"logo\":{\"@type\":\"ImageObject\",\"inLanguage\":\"en-US\",\"@id\":\"https:\/\/callenium.memacon.com\/en\/#\/schema\/logo\/image\/\",\"url\":\"https:\/\/callenium.memacon.com\/wp-content\/uploads\/2023\/01\/Callenium-Favicon-152.png\",\"contentUrl\":\"https:\/\/callenium.memacon.com\/wp-content\/uploads\/2023\/01\/Callenium-Favicon-152.png\",\"width\":152,\"height\":152,\"caption\":\"Callenium GmbH\"},\"image\":{\"@id\":\"https:\/\/callenium.memacon.com\/en\/#\/schema\/logo\/image\/\"}}]}<\/script>\n<!-- \/ Yoast SEO plugin. -->","yoast_head_json":{"title":"Legal Notice | Callenium GmbH","description":"Callenium GmbH. Bahnhofstrasse 15 in CH-8253 Diessenhofen. Kontakt: +41 52 657 59 14 |\u00a0info@callenium.ch. Be insured. Enjoy life.","robots":{"index":"noindex","follow":"follow","max-snippet":"max-snippet:-1","max-image-preview":"max-image-preview:large","max-video-preview":"max-video-preview:-1"},"og_locale":"en_US","og_type":"article","og_title":"Legal Notice | Callenium GmbH","og_description":"Callenium GmbH. Bahnhofstrasse 15 in CH-8253 Diessenhofen. Kontakt: +41 52 657 59 14 |\u00a0info@callenium.ch. Be insured. Enjoy life.","og_url":"https:\/\/callenium.memacon.com\/en\/legal-notice\/","og_site_name":"Callenium","article_modified_time":"2025-08-14T12:10:26+00:00","og_image":[{"width":1600,"height":600,"url":"https:\/\/callenium.memacon.com\/wp-content\/uploads\/2023\/03\/callenium-home-slider-orange-04-farbe.webp","type":"image\/webp"}],"twitter_card":"summary_large_image","twitter_misc":{"Est. reading time":"4 minutes"},"schema":{"@context":"https:\/\/schema.org","@graph":[{"@type":"WebPage","@id":"https:\/\/callenium.memacon.com\/en\/legal-notice\/","url":"https:\/\/callenium.memacon.com\/en\/legal-notice\/","name":"Legal Notice | Callenium GmbH","isPartOf":{"@id":"https:\/\/callenium.memacon.com\/en\/#website"},"datePublished":"2023-03-01T14:37:11+00:00","dateModified":"2025-08-14T12:10:26+00:00","description":"Callenium GmbH. Bahnhofstrasse 15 in CH-8253 Diessenhofen. Kontakt: +41 52 657 59 14 |\u00a0info@callenium.ch. Be insured. Enjoy life.","breadcrumb":{"@id":"https:\/\/callenium.memacon.com\/en\/legal-notice\/#breadcrumb"},"inLanguage":"en-US","potentialAction":[{"@type":"ReadAction","target":["https:\/\/callenium.memacon.com\/en\/legal-notice\/"]}]},{"@type":"BreadcrumbList","@id":"https:\/\/callenium.memacon.com\/en\/legal-notice\/#breadcrumb","itemListElement":[{"@type":"ListItem","position":1,"name":"Home","item":"https:\/\/callenium.memacon.com\/en\/"},{"@type":"ListItem","position":2,"name":"Legal Notice"}]},{"@type":"WebSite","@id":"https:\/\/callenium.memacon.com\/en\/#website","url":"https:\/\/callenium.memacon.com\/en\/","name":"Callenium","description":"Ihr neutraler Versicherungsberater","publisher":{"@id":"https:\/\/callenium.memacon.com\/en\/#organization"},"potentialAction":[{"@type":"SearchAction","target":{"@type":"EntryPoint","urlTemplate":"https:\/\/callenium.memacon.com\/en\/?s={search_term_string}"},"query-input":{"@type":"PropertyValueSpecification","valueRequired":true,"valueName":"search_term_string"}}],"inLanguage":"en-US"},{"@type":"Organization","@id":"https:\/\/callenium.memacon.com\/en\/#organization","name":"Callenium GmbH","url":"https:\/\/callenium.memacon.com\/en\/","logo":{"@type":"ImageObject","inLanguage":"en-US","@id":"https:\/\/callenium.memacon.com\/en\/#\/schema\/logo\/image\/","url":"https:\/\/callenium.memacon.com\/wp-content\/uploads\/2023\/01\/Callenium-Favicon-152.png","contentUrl":"https:\/\/callenium.memacon.com\/wp-content\/uploads\/2023\/01\/Callenium-Favicon-152.png","width":152,"height":152,"caption":"Callenium GmbH"},"image":{"@id":"https:\/\/callenium.memacon.com\/en\/#\/schema\/logo\/image\/"}}]}},"_links":{"self":[{"href":"https:\/\/callenium.memacon.com\/en\/wp-json\/wp\/v2\/pages\/1888","targetHints":{"allow":["GET"]}}],"collection":[{"href":"https:\/\/callenium.memacon.com\/en\/wp-json\/wp\/v2\/pages"}],"about":[{"href":"https:\/\/callenium.memacon.com\/en\/wp-json\/wp\/v2\/types\/page"}],"author":[{"embeddable":true,"href":"https:\/\/callenium.memacon.com\/en\/wp-json\/wp\/v2\/users\/2"}],"replies":[{"embeddable":true,"href":"https:\/\/callenium.memacon.com\/en\/wp-json\/wp\/v2\/comments?post=1888"}],"version-history":[{"count":5,"href":"https:\/\/callenium.memacon.com\/en\/wp-json\/wp\/v2\/pages\/1888\/revisions"}],"predecessor-version":[{"id":2441,"href":"https:\/\/callenium.memacon.com\/en\/wp-json\/wp\/v2\/pages\/1888\/revisions\/2441"}],"wp:attachment":[{"href":"https:\/\/callenium.memacon.com\/en\/wp-json\/wp\/v2\/media?parent=1888"}],"curies":[{"name":"wp","href":"https:\/\/api.w.org\/{rel}","templated":true}]}}