{"id":1867,"date":"2023-02-27T13:12:25","date_gmt":"2023-02-27T12:12:25","guid":{"rendered":"https:\/\/callenium.ch\/business-clients\/cyberversicherung\/"},"modified":"2024-02-27T21:13:15","modified_gmt":"2024-02-27T20:13:15","slug":"cyber-insurance","status":"publish","type":"page","link":"https:\/\/callenium.memacon.com\/en\/business-clients\/cyber-insurance\/","title":{"rendered":"Cyber insurance"},"content":{"rendered":"[vc_row full_width=&#8221;stretch_row&#8221; content_placement=&#8221;middle&#8221; wpex_bg_overlay=&#8221;custom&#8221; wpex_bg_overlay_color=&#8221;#e8e8e8&#8243;][vc_column][vc_column_text color=&#8221;#767579&#8243; font_size=&#8221;20px&#8221;]\n<h1><span style=\"color: #ec671c;\">Cyber<\/span> insurance.<\/h1>\n[\/vc_column_text]<nav class=\"vcex-breadcrumbs vcex-breadcrumbs--custom-color\" style=\"color:#ec671c;--wpex-link-color:#767579;--wpex-hover-link-color:#ec671c;--vcex-breadcrumbs-sep-color:#ec671c;--wpex-hover-link-text-decoration:none;\" itemscope itemtype=\"http:\/\/schema.org\/BreadcrumbList\"><span class=\"trail-begin\" itemprop=\"itemListElement\" itemscope itemtype=\"http:\/\/schema.org\/ListItem\"><a itemprop=\"item\" href=\"https:\/\/callenium.memacon.com\/en\/\" rel=\"home\"><span itemprop=\"name\">Home<\/span><\/a><meta itemprop=\"position\" content=\"1\"><\/span><\/nav>[\/vc_column][\/vc_row][vc_row equal_height=&#8221;yes&#8221; css=&#8221;.vc_custom_1676312763637{margin-top: 60px !important;padding-top: 20px !important;padding-bottom: 20px !important;}&#8221;][vc_column width=&#8221;2\/3&#8243;]<div class=\"vcex-module vcex-icon-box vcex-icon-box-one wpex-relative wpex-flex wpex-text-left\"><div class=\"vcex-icon-box-symbol wpex-flex-shrink-0 wpex-mr-20\"><div class=\"vcex-icon-box-icon wpex-inline-flex wpex-items-center wpex-justify-center wpex-child-inherit-color wpex-text-center wpex-leading-none wpex-text-1 wpex-shadow-md wpex-p-15\" style=\"color:#ffffff;border-radius:var(--wpex-radius-blob-1);background:#ec671c;\"><span aria-hidden=\"true\" class=\"fas fa-desktop\"><\/span><\/div><\/div><div class=\"vcex-icon-box-text wpex-flex-grow\"><h1 class=\"vcex-icon-box-heading wpex-heading wpex-text-md wpex-mb-10\" style=\"color:#767579;font-size:24px;\">Threats from the Web.<\/h1><div class=\"vcex-icon-box-content wpex-last-mb-0 wpex-clr\" style=\"font-size:16px;\"><p style=\"text-align: justify\">Digitalization is in full swing. More and more processes, documents, and confidential information are being digitally processed, stored, and archived. It is not surprising that cybercrime is steadily increasing. When a company falls victim to a cyber attack, it often becomes completely incapacitated \u2013 as the essential data for day-to-day operations becomes instantly inaccessible.<br \/>\nOn this sensitive and crucial topic, our trained advisors provide guidance and present the optimal solution in the form of cyber insurance. This ensures that you are best prepared and protected in the event of a crisis.<\/p>\n<\/div><\/div><\/div>[\/vc_column][vc_column width=&#8221;1\/3&#8243; css=&#8221;.vc_custom_1676312749474{margin-left: 20px !important;border-left-width: 1px !important;padding-left: 30px !important;border-left-color: #d6d6d6 !important;border-left-style: solid !important;}&#8221;]<div class=\"vcex-heading vcex-module wpex-text-2xl wpex-font-normal wpex-m-auto wpex-max-w-100 vcex-heading-bottom-border-w-color wpex-block wpex-border-b-2 wpex-border-solid wpex-border-main\" style=\"color:#767579;border-bottom-color:#f2f2f2;\"><span class=\"vcex-heading-inner wpex-inline-block wpex-clr wpex-relative wpex-pb-5 wpex-border-b-2 wpex-border-solid wpex-border-accent\" style=\"border-color:#ec671c;\">Business Clients<\/span><\/div><div class=\"vcex-spacing wpex-w-100 wpex-clear\" style=\"height:30px;\"><\/div><style>.vcex-navbar.vcex_6a06d37bd6288 .vcex-navbar-link{text-decoration:none;}.vcex-navbar.vcex_6a06d37bd6288 .vcex-navbar-link:hover{text-decoration:none;}.vcex-navbar.vcex_6a06d37bd6288 .vcex-navbar-link:active,.vcex-navbar.vcex_6a06d37bd6288 .vcex-navbar-link.active{text-decoration:none;}.vcex-navbar.vcex_6a06d37bd6288 a.vcex-navbar-link{color:#767579;letter-spacing:1px;}.vcex-navbar.vcex_6a06d37bd6288 a.vcex-navbar-link:hover,.vcex-navbar.vcex_6a06d37bd6288 a.vcex-navbar-link.active{color:#ec671c;}.vcex-navbar.vcex_6a06d37bd6288{font-size:14px;}<\/style><nav class=\"vcex-navbar vcex-navbar--expanded vcex-module vcex_6a06d37bd6288\"><div class=\"vcex-navbar-inner wpex-clr\"><a href=\"https:\/\/callenium.memacon.com\/geschaeftskunden\/unfall-und-krankheit\/\" class=\"vcex-navbar-link vcex-navbar-link--1883 wpex-inline-block wpex-float-left wpex-mb-5 theme-txt-link expanded wpex-text-base\"><span class=\"vcex-navbar-link-text\">Accident &amp; Health<\/span><\/a><a href=\"https:\/\/callenium.memacon.com\/geschaeftskunden\/berufliche-vorsorge\/\" class=\"vcex-navbar-link vcex-navbar-link--1852 wpex-inline-block wpex-float-left wpex-mb-5 theme-txt-link expanded wpex-text-base\"><span class=\"vcex-navbar-link-text\">Occupational Pension<\/span><\/a><a href=\"https:\/\/callenium.memacon.com\/geschaeftskunden\/sach-und-haftpflicht\/\" class=\"vcex-navbar-link vcex-navbar-link--1878 wpex-inline-block wpex-float-left wpex-mb-5 theme-txt-link expanded wpex-text-base\"><span class=\"vcex-navbar-link-text\">Property and Liability<\/span><\/a><a href=\"https:\/\/callenium.memacon.com\/geschaeftskunden\/cyberversicherung\/\" class=\"vcex-navbar-link vcex-navbar-link--1867 wpex-inline-block wpex-float-left wpex-mb-5 theme-txt-link expanded wpex-text-base\"><span class=\"vcex-navbar-link-text\">Cyber insurance<\/span><\/a><a href=\"https:\/\/callenium.memacon.com\/geschaeftskunden\/fahrzeuge-und-flotte\/\" class=\"vcex-navbar-link vcex-navbar-link--1873 wpex-inline-block wpex-float-left wpex-mb-5 theme-txt-link expanded wpex-text-base\"><span class=\"vcex-navbar-link-text\">Vehicle &amp; Fleet<\/span><\/a><\/div><\/nav>[\/vc_column][\/vc_row][vc_row full_width=&#8221;stretch_row&#8221; wpex_bg_overlay=&#8221;dark&#8221; remove_bottom_col_margin=&#8221;true&#8221; wpex_shape_divider_top=&#8221;tilt&#8221; css=&#8221;.vc_custom_1679913313832{padding-top: 50px !important;padding-bottom: 100px !important;background: #f4f4f4 url(https:\/\/callenium.memacon.com\/wp-content\/uploads\/2023\/02\/callenium-gescharftskunden-cyberversicherung.webp?id=875) !important;background-position: center !important;background-repeat: no-repeat !important;background-size: cover !important;}&#8221; wpex_shape_divider_top_color=&#8221;#ffffff&#8221; wpex_shape_divider_top_height=&#8221;100&#8243; wpex_bg_overlay_opacity=&#8221;0.6&#8243;][vc_column]<div class=\"vcex-spacing wpex-w-100 wpex-clear\" style=\"height:100px;\"><\/div><div class=\"vcex-module vcex-icon-box vcex-icon-box-two wpex-relative wpex-text-center\"><div class=\"vcex-icon-box-symbol wpex-mb-20\"><img decoding=\"async\" loading=\"lazy\" class=\"vcex-icon-box-image wpex-align-middle\" style=\"width:50px;\" src=\"https:\/\/callenium.memacon.com\/wp-content\/uploads\/2023\/02\/Callenium_bullets_white-50x38.webp\" alt=\"\" srcset=\"https:\/\/callenium.memacon.com\/wp-content\/uploads\/2023\/02\/Callenium_bullets_white-50x38.webp 50w, https:\/\/callenium.memacon.com\/wp-content\/uploads\/2023\/02\/Callenium_bullets_white-50x38@2x.webp 100w, https:\/\/callenium.memacon.com\/wp-content\/uploads\/2023\/02\/Callenium_bullets_white.webp 200w, https:\/\/callenium.memacon.com\/wp-content\/uploads\/2023\/02\/Callenium_bullets_white-50x38@2x.webp 2x\" width=\"50\" height=\"38\"><\/div><div class=\"vcex-icon-box-text\"><h1 class=\"vcex-icon-box-heading wpex-heading wpex-text-md wpex-mb-10\" style=\"color:#ffffff;font-size:24px;margin-bottom:20px;\">Interested in a Non-binding Consultation on \"Cyber Insurance\"?<\/h1><div class=\"vcex-icon-box-content wpex-last-mb-0 wpex-clr\" style=\"color:#ffffff;font-size:16px;\"><p>As a company, receive everything you desire and, most importantly, need in insurance from an experienced source. Callenium provides individual, transparent, and independent advice, offering solutions that align with your industry and specific risks. From occupational pension to business liability to cyber insurance \u2013 consult with us and secure a partner for the future who offers genuine service, not just products. If you&#8217;re interested in a non-binding consultation on &#8220;Cyber Insurance,&#8221; we are here to assist you.<\/p>\n<\/div><\/div><\/div><div class=\"vcex-spacing wpex-w-100 wpex-clear\"><\/div><div class=\"theme-button-wrap textcenter theme-button-block-wrap wpex-block wpex-clear wpex-clr\"><a href=\"https:\/\/callenium.ch\/en\/contact\/\" title=\"Contact Callenium\" class=\"vcex-button theme-button align-center block  wpb_animate_when_almost_visible wpb_fadeInDown fadeInDown\" style=\"background:#ec671c;color:#ffffff;font-size:16px;\" data-wpex-hover='{&quot;background&quot;:&quot;#767579&quot;,&quot;color&quot;:&quot;#ffffff&quot;}'><span class=\"theme-button-inner\">Get in touch and receive non-binding advice<span class=\"vcex-icon-wrap theme-button-icon-right\"><span class=\"ticon ticon-chevron-right\" aria-hidden=\"true\"><\/span><\/span><\/span><\/a><\/div> [\/vc_column][\/vc_row]\n","protected":false},"excerpt":{"rendered":"<p>[vc_row full_width=&#8221;stretch_row&#8221; content_placement=&#8221;middle&#8221; wpex_bg_overlay=&#8221;custom&#8221; wpex_bg_overlay_color=&#8221;#e8e8e8&#8243;][vc_column][vc_column_text color=&#8221;#767579&#8243; font_size=&#8221;20px&#8221;] Cyber insurance. [\/vc_column_text][\/vc_column][\/vc_row][vc_row equal_height=&#8221;yes&#8221; css=&#8221;.vc_custom_1676312763637{margin-top: 60px !important;padding-top: 20px !important;padding-bottom: 20px !important;}&#8221;][vc_column width=&#8221;2\/3&#8243;][\/vc_column][vc_column width=&#8221;1\/3&#8243; css=&#8221;.vc_custom_1676312749474{margin-left: 20px !important;border-left-width: 1px !important;padding-left: 30px !important;border-left-color: #d6d6d6 !important;border-left-style: solid !important;}&#8221;][\/vc_column][\/vc_row][vc_row full_width=&#8221;stretch_row&#8221; wpex_bg_overlay=&#8221;dark&#8221; remove_bottom_col_margin=&#8221;true&#8221; wpex_shape_divider_top=&#8221;tilt&#8221; css=&#8221;.vc_custom_1679913313832{padding-top: 50px !important;padding-bottom: 100px !important;background: #f4f4f4 url(https:\/\/callenium.memacon.com\/wp-content\/uploads\/2023\/02\/callenium-gescharftskunden-cyberversicherung.webp?id=875) !important;background-position: center !important;background-repeat: no-repeat !important;background-size: cover !important;}&#8221; wpex_shape_divider_top_color=&#8221;#ffffff&#8221; wpex_shape_divider_top_height=&#8221;100&#8243; wpex_bg_overlay_opacity=&#8221;0.6&#8243;][vc_column][\/vc_column][\/vc_row]<\/p>\n","protected":false},"author":2,"featured_media":0,"parent":1847,"menu_order":0,"comment_status":"closed","ping_status":"closed","template":"","meta":{"footnotes":""},"class_list":["post-1867","page","type-page","status-publish","hentry","entry","no-media"],"yoast_head":"<!-- This site is optimized with the Yoast SEO plugin v26.2 - https:\/\/yoast.com\/wordpress\/plugins\/seo\/ -->\n<title>Cyber insurance Gesch\u00e4ftskunden | Callenium<\/title>\n<meta name=\"description\" content=\"Cyberkriminalit\u00e4t nimmt stetig zu. Callenium ber\u00e4t, begleitet und bietet L\u00f6sungen an, damit Sie und Ihre Daten optimal abgesichert sind.\" \/>\n<meta name=\"robots\" content=\"noindex, follow, max-snippet:-1, max-image-preview:large, max-video-preview:-1\" \/>\n<meta property=\"og:locale\" content=\"en_US\" \/>\n<meta property=\"og:type\" content=\"article\" \/>\n<meta property=\"og:title\" content=\"Cyber insurance Gesch\u00e4ftskunden | Callenium\" \/>\n<meta property=\"og:description\" content=\"Cyberkriminalit\u00e4t nimmt stetig zu. Callenium ber\u00e4t, begleitet und bietet L\u00f6sungen an, damit Sie und Ihre Daten optimal abgesichert sind.\" \/>\n<meta property=\"og:url\" content=\"https:\/\/callenium.memacon.com\/en\/business-clients\/cyber-insurance\/\" \/>\n<meta property=\"og:site_name\" content=\"Callenium\" \/>\n<meta property=\"article:modified_time\" content=\"2024-02-27T20:13:15+00:00\" \/>\n<meta property=\"og:image\" content=\"https:\/\/callenium.memacon.com\/wp-content\/uploads\/2023\/03\/callenium-home-slider-orange-04-farbe.webp\" \/>\n\t<meta property=\"og:image:width\" content=\"1600\" \/>\n\t<meta property=\"og:image:height\" content=\"600\" \/>\n\t<meta property=\"og:image:type\" content=\"image\/webp\" \/>\n<meta name=\"twitter:card\" content=\"summary_large_image\" \/>\n<meta name=\"twitter:label1\" content=\"Est. reading time\" \/>\n\t<meta name=\"twitter:data1\" content=\"2 minutes\" \/>\n<script type=\"application\/ld+json\" class=\"yoast-schema-graph\">{\"@context\":\"https:\/\/schema.org\",\"@graph\":[{\"@type\":\"WebPage\",\"@id\":\"https:\/\/callenium.memacon.com\/en\/business-clients\/cyber-insurance\/\",\"url\":\"https:\/\/callenium.memacon.com\/en\/business-clients\/cyber-insurance\/\",\"name\":\"Cyber insurance Gesch\u00e4ftskunden | Callenium\",\"isPartOf\":{\"@id\":\"https:\/\/callenium.memacon.com\/en\/#website\"},\"datePublished\":\"2023-02-27T12:12:25+00:00\",\"dateModified\":\"2024-02-27T20:13:15+00:00\",\"description\":\"Cyberkriminalit\u00e4t nimmt stetig zu. Callenium ber\u00e4t, begleitet und bietet L\u00f6sungen an, damit Sie und Ihre Daten optimal abgesichert sind.\",\"breadcrumb\":{\"@id\":\"https:\/\/callenium.memacon.com\/en\/business-clients\/cyber-insurance\/#breadcrumb\"},\"inLanguage\":\"en-US\",\"potentialAction\":[{\"@type\":\"ReadAction\",\"target\":[\"https:\/\/callenium.memacon.com\/en\/business-clients\/cyber-insurance\/\"]}]},{\"@type\":\"BreadcrumbList\",\"@id\":\"https:\/\/callenium.memacon.com\/en\/business-clients\/cyber-insurance\/#breadcrumb\",\"itemListElement\":[{\"@type\":\"ListItem\",\"position\":1,\"name\":\"Home\",\"item\":\"https:\/\/callenium.memacon.com\/en\/\"},{\"@type\":\"ListItem\",\"position\":2,\"name\":\"Business Clients\",\"item\":\"https:\/\/callenium.memacon.com\/en\/business-clients\/\"},{\"@type\":\"ListItem\",\"position\":3,\"name\":\"Cyber insurance\"}]},{\"@type\":\"WebSite\",\"@id\":\"https:\/\/callenium.memacon.com\/en\/#website\",\"url\":\"https:\/\/callenium.memacon.com\/en\/\",\"name\":\"Callenium\",\"description\":\"Ihr neutraler Versicherungsberater\",\"publisher\":{\"@id\":\"https:\/\/callenium.memacon.com\/en\/#organization\"},\"potentialAction\":[{\"@type\":\"SearchAction\",\"target\":{\"@type\":\"EntryPoint\",\"urlTemplate\":\"https:\/\/callenium.memacon.com\/en\/?s={search_term_string}\"},\"query-input\":{\"@type\":\"PropertyValueSpecification\",\"valueRequired\":true,\"valueName\":\"search_term_string\"}}],\"inLanguage\":\"en-US\"},{\"@type\":\"Organization\",\"@id\":\"https:\/\/callenium.memacon.com\/en\/#organization\",\"name\":\"Callenium GmbH\",\"url\":\"https:\/\/callenium.memacon.com\/en\/\",\"logo\":{\"@type\":\"ImageObject\",\"inLanguage\":\"en-US\",\"@id\":\"https:\/\/callenium.memacon.com\/en\/#\/schema\/logo\/image\/\",\"url\":\"https:\/\/callenium.memacon.com\/wp-content\/uploads\/2023\/01\/Callenium-Favicon-152.png\",\"contentUrl\":\"https:\/\/callenium.memacon.com\/wp-content\/uploads\/2023\/01\/Callenium-Favicon-152.png\",\"width\":152,\"height\":152,\"caption\":\"Callenium GmbH\"},\"image\":{\"@id\":\"https:\/\/callenium.memacon.com\/en\/#\/schema\/logo\/image\/\"}}]}<\/script>\n<!-- \/ Yoast SEO plugin. -->","yoast_head_json":{"title":"Cyber insurance Gesch\u00e4ftskunden | Callenium","description":"Cyberkriminalit\u00e4t nimmt stetig zu. Callenium ber\u00e4t, begleitet und bietet L\u00f6sungen an, damit Sie und Ihre Daten optimal abgesichert sind.","robots":{"index":"noindex","follow":"follow","max-snippet":"max-snippet:-1","max-image-preview":"max-image-preview:large","max-video-preview":"max-video-preview:-1"},"og_locale":"en_US","og_type":"article","og_title":"Cyber insurance Gesch\u00e4ftskunden | Callenium","og_description":"Cyberkriminalit\u00e4t nimmt stetig zu. Callenium ber\u00e4t, begleitet und bietet L\u00f6sungen an, damit Sie und Ihre Daten optimal abgesichert sind.","og_url":"https:\/\/callenium.memacon.com\/en\/business-clients\/cyber-insurance\/","og_site_name":"Callenium","article_modified_time":"2024-02-27T20:13:15+00:00","og_image":[{"width":1600,"height":600,"url":"https:\/\/callenium.memacon.com\/wp-content\/uploads\/2023\/03\/callenium-home-slider-orange-04-farbe.webp","type":"image\/webp"}],"twitter_card":"summary_large_image","twitter_misc":{"Est. reading time":"2 minutes"},"schema":{"@context":"https:\/\/schema.org","@graph":[{"@type":"WebPage","@id":"https:\/\/callenium.memacon.com\/en\/business-clients\/cyber-insurance\/","url":"https:\/\/callenium.memacon.com\/en\/business-clients\/cyber-insurance\/","name":"Cyber insurance Gesch\u00e4ftskunden | Callenium","isPartOf":{"@id":"https:\/\/callenium.memacon.com\/en\/#website"},"datePublished":"2023-02-27T12:12:25+00:00","dateModified":"2024-02-27T20:13:15+00:00","description":"Cyberkriminalit\u00e4t nimmt stetig zu. Callenium ber\u00e4t, begleitet und bietet L\u00f6sungen an, damit Sie und Ihre Daten optimal abgesichert sind.","breadcrumb":{"@id":"https:\/\/callenium.memacon.com\/en\/business-clients\/cyber-insurance\/#breadcrumb"},"inLanguage":"en-US","potentialAction":[{"@type":"ReadAction","target":["https:\/\/callenium.memacon.com\/en\/business-clients\/cyber-insurance\/"]}]},{"@type":"BreadcrumbList","@id":"https:\/\/callenium.memacon.com\/en\/business-clients\/cyber-insurance\/#breadcrumb","itemListElement":[{"@type":"ListItem","position":1,"name":"Home","item":"https:\/\/callenium.memacon.com\/en\/"},{"@type":"ListItem","position":2,"name":"Business Clients","item":"https:\/\/callenium.memacon.com\/en\/business-clients\/"},{"@type":"ListItem","position":3,"name":"Cyber insurance"}]},{"@type":"WebSite","@id":"https:\/\/callenium.memacon.com\/en\/#website","url":"https:\/\/callenium.memacon.com\/en\/","name":"Callenium","description":"Ihr neutraler Versicherungsberater","publisher":{"@id":"https:\/\/callenium.memacon.com\/en\/#organization"},"potentialAction":[{"@type":"SearchAction","target":{"@type":"EntryPoint","urlTemplate":"https:\/\/callenium.memacon.com\/en\/?s={search_term_string}"},"query-input":{"@type":"PropertyValueSpecification","valueRequired":true,"valueName":"search_term_string"}}],"inLanguage":"en-US"},{"@type":"Organization","@id":"https:\/\/callenium.memacon.com\/en\/#organization","name":"Callenium GmbH","url":"https:\/\/callenium.memacon.com\/en\/","logo":{"@type":"ImageObject","inLanguage":"en-US","@id":"https:\/\/callenium.memacon.com\/en\/#\/schema\/logo\/image\/","url":"https:\/\/callenium.memacon.com\/wp-content\/uploads\/2023\/01\/Callenium-Favicon-152.png","contentUrl":"https:\/\/callenium.memacon.com\/wp-content\/uploads\/2023\/01\/Callenium-Favicon-152.png","width":152,"height":152,"caption":"Callenium GmbH"},"image":{"@id":"https:\/\/callenium.memacon.com\/en\/#\/schema\/logo\/image\/"}}]}},"_links":{"self":[{"href":"https:\/\/callenium.memacon.com\/en\/wp-json\/wp\/v2\/pages\/1867","targetHints":{"allow":["GET"]}}],"collection":[{"href":"https:\/\/callenium.memacon.com\/en\/wp-json\/wp\/v2\/pages"}],"about":[{"href":"https:\/\/callenium.memacon.com\/en\/wp-json\/wp\/v2\/types\/page"}],"author":[{"embeddable":true,"href":"https:\/\/callenium.memacon.com\/en\/wp-json\/wp\/v2\/users\/2"}],"replies":[{"embeddable":true,"href":"https:\/\/callenium.memacon.com\/en\/wp-json\/wp\/v2\/comments?post=1867"}],"version-history":[{"count":3,"href":"https:\/\/callenium.memacon.com\/en\/wp-json\/wp\/v2\/pages\/1867\/revisions"}],"predecessor-version":[{"id":1967,"href":"https:\/\/callenium.memacon.com\/en\/wp-json\/wp\/v2\/pages\/1867\/revisions\/1967"}],"up":[{"embeddable":true,"href":"https:\/\/callenium.memacon.com\/en\/wp-json\/wp\/v2\/pages\/1847"}],"wp:attachment":[{"href":"https:\/\/callenium.memacon.com\/en\/wp-json\/wp\/v2\/media?parent=1867"}],"curies":[{"name":"wp","href":"https:\/\/api.w.org\/{rel}","templated":true}]}}